{"id":1229,"date":"2025-01-16T11:44:34","date_gmt":"2025-01-16T11:44:34","guid":{"rendered":"http:\/\/boronatic.com\/sostenibilitat-i-certificacions\/"},"modified":"2025-04-15T07:20:34","modified_gmt":"2025-04-15T07:20:34","slug":"sostenibilitat-i-certificacions","status":"publish","type":"page","link":"https:\/\/boronatic.com\/ca\/sostenibilitat-i-certificacions\/","title":{"rendered":"Sostenibilitat i Certificacions"},"content":{"rendered":"<section class=\"l-section wpb_row height_medium\"><div class=\"l-section-overlay\" style=\"background:rgba(255,255,255,0.95)\"><\/div><div class=\"l-section-h i-cf\"><div class=\"g-cols vc_row via_grid cols_1 laptops-cols_inherit tablets-cols_inherit mobiles-cols_1 valign_top type_default stacking_default\"><div class=\"wpb_column vc_column_container\"><div class=\"vc_column-inner\"><div class=\"w-text us_custom_0f4561de has_text_color\"><span class=\"w-text-h\"><span class=\"w-text-value\">Boronatic<\/span><\/span><\/div><h1 class=\"w-post-elm post_title us_custom_041077f8 has_text_color entry-title color_link_inherit\">Sostenibilitat i Certificacions<\/h1><div class=\"w-separator size_small\"><\/div><div class=\"wpb_text_column us_custom_0cb7a137\"><div class=\"wpb_wrapper\"><p>A Boronatic, la <strong>sostenibilitat<\/strong> no \u00e9s nom\u00e9s un comprom\u00eds, sin\u00f3 una part essencial de la nostra filosofia. Creiem en un model de producci\u00f3 responsable que combini innovaci\u00f3, respecte pel medi ambient i garantia de qualitat. Per aix\u00f2, treballem constantment per reduir el nostre impacte ambiental, optimitzar recursos i garantir que els nostres productes compleixin els m\u00e9s alts est\u00e0ndards internacionals.<\/p>\n<\/div><\/div><div class=\"w-separator size_small\"><\/div><\/div><\/div><\/div><\/div><\/section><section class=\"l-section wpb_row us_custom_3c9971f8 height_medium with_img\"><div class=\"l-section-img\" role=\"img\" data-img-width=\"2100\" data-img-height=\"1400\" style=\"background-image: url(https:\/\/boronatic.com\/wp-content\/uploads\/2025\/01\/Sostenibilidad.webp);background-repeat: no-repeat;\"><\/div><div class=\"l-section-h i-cf\"><div class=\"g-cols vc_row via_grid cols_1 laptops-cols_inherit tablets-cols_inherit mobiles-cols_1 valign_top type_default stacking_default\"><div class=\"wpb_column vc_column_container\"><div class=\"vc_column-inner\"><h2 class=\"w-text us_custom_fb57a665 has_text_color\"><span class=\"w-text-h\"><span class=\"w-text-value\">El nostre Comprom\u00eds amb la Sostenibilitat<\/span><\/span><\/h2><div class=\"w-separator size_small\"><\/div><div class=\"g-cols wpb_row via_grid cols_3 laptops-cols_inherit tablets-cols_inherit mobiles-cols_1 valign_middle type_default stacking_default\" style=\"--columns-gap:3rem;--laptops-columns-gap:3rem;--tablets-columns-gap:3rem;--mobiles-columns-gap:1rem;\"><div class=\"wpb_column vc_column_container us_custom_6b1ecf2d sombra_caja has_bg_color\"><div class=\"vc_column-inner\"><div class=\"wpb_text_column us_custom_7e81d9a2 has_text_color\"><div class=\"wpb_wrapper\"><p>\u00das de materials sostenibles: oferim opcions d\u00b4etiquetes i packaging fabricats amb materials reciclats, biodegradables i reciclables.<\/p>\n<\/div><\/div><\/div><\/div><div class=\"wpb_column vc_column_container us_custom_6b1ecf2d sombra_caja has_bg_color\"><div class=\"vc_column-inner\"><div class=\"wpb_text_column us_custom_7e81d9a2 has_text_color\"><div class=\"wpb_wrapper\"><p>Processos de producci\u00f3 responsables: optimitzem el consum d&#8217;energia i redu\u00efm el malbaratament a les nostres instal\u00b7lacions.<\/p>\n<\/div><\/div><\/div><\/div><div class=\"wpb_column vc_column_container us_custom_6b1ecf2d sombra_caja has_bg_color\"><div class=\"vc_column-inner\"><div class=\"wpb_text_column us_custom_7e81d9a2 has_text_color\"><div class=\"wpb_wrapper\"><p>Tintes ecol\u00f2giques: fem servir tecnologies d&#8217;impressi\u00f3 respectuoses amb el medi ambient per reduir l&#8217;\u00fas de qu\u00edmics nocius.<\/p>\n<\/div><\/div><\/div><\/div><\/div><div class=\"w-separator size_small\"><\/div><\/div><\/div><\/div><\/div><\/section><section class=\"l-section wpb_row height_medium\"><div class=\"l-section-h i-cf\"><div class=\"g-cols vc_row via_grid cols_1 laptops-cols_inherit tablets-cols_inherit mobiles-cols_1 valign_top type_default stacking_default\"><div class=\"wpb_column vc_column_container\"><div class=\"vc_column-inner\"><h3 class=\"w-text us_custom_041077f8 has_text_color\"><span class=\"w-text-h\"><span class=\"w-text-value\">Certificacions que donen suport a la nostra qualitat<\/span><\/span><\/h3><div class=\"wpb_text_column us_custom_399bef11\"><div class=\"wpb_wrapper\"><p>A Boronatic, la qualitat i la sostenibilitat van de la m\u00e0. Comptem amb certificacions que avalen el nostre comprom\u00eds amb l&#8217;excel\u00b7l\u00e8ncia i el respecte al medi ambient:<\/p>\n<\/div><\/div><div class=\"w-separator size_medium\"><\/div><div class=\"g-cols wpb_row via_grid cols_3 laptops-cols_inherit tablets-cols_inherit mobiles-cols_1 valign_top type_default stacking_default\" style=\"--columns-gap:3rem;\"><div class=\"wpb_column vc_column_container us_custom_70b7919e has_bg_color\"><div class=\"vc_column-inner\"><div class=\"wpb_text_column\"><div class=\"wpb_wrapper\"><p><a href=\"http:\/\/boronatic.com\/wp-content\/uploads\/2025\/01\/CERTIFICADO-ISO-9001-BORONATIC-2021.pdf\" target=\"_blank\" rel=\"noopener\"><img loading=\"lazy\" decoding=\"async\" class=\"aligncenter wp-image-133\" src=\"http:\/\/boronatic.com\/wp-content\/uploads\/2024\/09\/Brand-Spain-9001-Enac-1898_20.jpg\" alt=\"\" width=\"168\" height=\"100\"><\/a><\/p>\n<\/div><\/div><div class=\"w-separator size_medium\"><\/div><div class=\"wpb_text_column us_custom_eb849559\"><div class=\"wpb_wrapper\"><h4><a href=\"http:\/\/boronatic.com\/wp-content\/uploads\/2025\/01\/CERTIFICADO-ISO-9001-BORONATIC-2021.pdf\" target=\"_blank\" rel=\"noopener\">ISO 9001<\/a><\/h4>\n<p>Aquesta certificaci\u00f3 garanteix que tot el que fem segueix processos de primera, pensats per oferir-te sempre el millor.<\/p>\n<p>Perqu\u00e8 ens agrada fer les coses b\u00e9, per\u00f2 sobretot fer-les millor cada dia!<\/p>\n<\/div><\/div><div class=\"w-separator size_small\"><\/div><div class=\"w-btn-wrapper align_center\"><a class=\"w-btn us-btn-style_1\" target=\"_blank\" href=\"http:\/\/boronatic.com\/wp-content\/uploads\/2025\/02\/CERTIFICADO-ISO-9001-14.10.27.pdf\"><span class=\"w-btn-label\">Descarregar certificat<\/span><\/a><\/div><\/div><\/div><div class=\"wpb_column vc_column_container us_custom_70b7919e has_bg_color\"><div class=\"vc_column-inner\"><div class=\"wpb_text_column\"><div class=\"wpb_wrapper\"><p><a href=\"http:\/\/boronatic.com\/wp-content\/uploads\/2025\/01\/CERTIFICADO-BUENAS-PRACTICAS-AMBIENTALES.pdf\" target=\"_blank\" rel=\"noopener\"><img loading=\"lazy\" decoding=\"async\" class=\"aligncenter wp-image-132\" src=\"http:\/\/boronatic.com\/wp-content\/uploads\/2024\/09\/bones-practiques-247x300.png\" alt=\"\" width=\"82\" height=\"100\" srcset=\"https:\/\/boronatic.com\/wp-content\/uploads\/2024\/09\/bones-practiques-247x300.png 247w, https:\/\/boronatic.com\/wp-content\/uploads\/2024\/09\/bones-practiques.png 305w\" sizes=\"auto, (max-width: 82px) 100vw, 82px\" \/><\/a><\/p>\n<\/div><\/div><div class=\"w-separator size_medium\"><\/div><div class=\"wpb_text_column us_custom_eb849559\"><div class=\"wpb_wrapper\"><h4 class=\"w-iconbox-title\"><a href=\"http:\/\/boronatic.com\/wp-content\/uploads\/2025\/01\/CERTIFICADO-BUENAS-PRACTICAS-AMBIENTALES.pdf\" target=\"_blank\" rel=\"noopener\">Bons Pr\u00e0ctiques Ambientals<\/a><\/h4>\n<p>Aquest certificat demostra que tenim cura dels detalls per reduir el nostre impacte ambiental.<\/p>\n<p>Treballem de manera responsable perqu\u00e8 creiem que un futur m\u00e9s verd \u00e9s un futur millor.<\/p>\n<\/div><\/div><div class=\"w-separator size_small\"><\/div><div class=\"w-btn-wrapper align_center\"><a class=\"w-btn us-btn-style_1\" target=\"_blank\" href=\"http:\/\/boronatic.com\/wp-content\/uploads\/2025\/01\/CERTIFICADO-BUENAS-PRACTICAS-AMBIENTALES.pdf\"><span class=\"w-btn-label\">Descarregar certificat<\/span><\/a><\/div><\/div><\/div><div class=\"wpb_column vc_column_container us_custom_70b7919e has_bg_color\"><div class=\"vc_column-inner\"><div class=\"wpb_text_column\"><div class=\"wpb_wrapper\"><p><a href=\"http:\/\/boronatic.com\/wp-content\/uploads\/2025\/01\/Certificado-FSC-2023-28.pdf\" target=\"_blank\" rel=\"noopener\"><img loading=\"lazy\" decoding=\"async\" class=\"aligncenter wp-image-134\" src=\"http:\/\/boronatic.com\/wp-content\/uploads\/2024\/09\/fsc_logo.png\" alt=\"\" width=\"63\" height=\"100\"><\/a><\/p>\n<\/div><\/div><div class=\"w-separator size_medium\"><\/div><div class=\"wpb_text_column us_custom_eb849559\"><div class=\"wpb_wrapper\"><h4><a href=\"http:\/\/boronatic.com\/wp-content\/uploads\/2025\/01\/Certificado-FSC-2023-28.pdf\" target=\"_blank\" rel=\"noopener\">FSC \u00ae<\/a><\/h4>\n<p>El segell FSC\u00ae assegura que els nostres materials provenen de fonts responsables i sostenibles.<\/p>\n<p>Aix\u00ed, mentre creem, tamb\u00e9 protegim la natura.<\/p>\n<\/div><\/div><div class=\"w-separator size_small\"><\/div><div class=\"w-btn-wrapper align_center\"><a class=\"w-btn us-btn-style_1\" target=\"_blank\" href=\"http:\/\/boronatic.com\/wp-content\/uploads\/2025\/02\/Certificado-FSC-2023-28.pdf\"><span class=\"w-btn-label\">Descarregar certificat<\/span><\/a><\/div><\/div><\/div><\/div><div class=\"g-cols wpb_row us_custom_10679678 via_grid cols_1 laptops-cols_inherit tablets-cols_inherit mobiles-cols_1 valign_top type_default stacking_default\" style=\"--columns-gap:3rem;\"><div class=\"wpb_column vc_column_container\"><div class=\"vc_column-inner\"><h3 class=\"w-text us_custom_041077f8 has_text_color\"><span class=\"w-text-h\"><span class=\"w-text-value\">Associacions a qu\u00e8 pertanyem<\/span><\/span><\/h3><\/div><\/div><\/div><div class=\"g-cols wpb_row us_custom_10679678 via_grid cols_4 laptops-cols_inherit tablets-cols_2 mobiles-cols_1 valign_top type_default stacking_default\" style=\"--columns-gap:0.5rem;\"><div class=\"wpb_column vc_column_container us_custom_70b7919e has_bg_color\"><div class=\"vc_column-inner\"><div class=\"wpb_text_column\"><div class=\"wpb_wrapper\"><p><a href=\"http:\/\/boronatic.com\/wp-content\/uploads\/2025\/02\/Boronatic-S.A.pdf\"><img loading=\"lazy\" decoding=\"async\" class=\"aligncenter wp-image-837\" src=\"http:\/\/boronatic.com\/wp-content\/uploads\/2025\/02\/Aifec-logo.svg\" alt=\"\" width=\"180\" height=\"90\"><\/a><\/p>\n<\/div><\/div><div class=\"w-separator size_medium\"><\/div><div class=\"wpb_text_column us_custom_eb849559\"><div class=\"wpb_wrapper\"><h4><a href=\"http:\/\/boronatic.com\/wp-content\/uploads\/2025\/02\/Boronatic-S.A.pdf\" target=\"_blank\" rel=\"noopener\">AIFEC<\/a><\/h4>\n<\/div><\/div><div class=\"w-separator size_small\"><\/div><div class=\"w-btn-wrapper align_center\"><a class=\"w-btn us-btn-style_1 us_custom_ea2be81a\" target=\"_blank\" href=\"http:\/\/boronatic.com\/wp-content\/uploads\/2025\/02\/Boronatic-S.A.pdf\"><span class=\"w-btn-label\">Descarregar certificat<\/span><\/a><\/div><\/div><\/div><div class=\"wpb_column vc_column_container us_custom_70b7919e has_bg_color\"><div class=\"vc_column-inner\"><div class=\"wpb_text_column\"><div class=\"wpb_wrapper\"><p><img loading=\"lazy\" decoding=\"async\" class=\"aligncenter wp-image-839\" src=\"http:\/\/boronatic.com\/wp-content\/uploads\/2025\/02\/PIMEC-logo-horitzontal_fons-transparent.png\" alt=\"\" width=\"250\" height=\"74\" srcset=\"https:\/\/boronatic.com\/wp-content\/uploads\/2025\/02\/PIMEC-logo-horitzontal_fons-transparent.png 2812w, https:\/\/boronatic.com\/wp-content\/uploads\/2025\/02\/PIMEC-logo-horitzontal_fons-transparent-300x89.png 300w, https:\/\/boronatic.com\/wp-content\/uploads\/2025\/02\/PIMEC-logo-horitzontal_fons-transparent-1024x303.png 1024w\" sizes=\"auto, (max-width: 250px) 100vw, 250px\" \/><\/p>\n<\/div><\/div><div class=\"w-separator size_medium\"><\/div><div class=\"wpb_text_column us_custom_109a767e\"><div class=\"wpb_wrapper\"><h4>PIMEC<\/h4>\n<\/div><\/div><\/div><\/div><div class=\"wpb_column vc_column_container us_custom_70b7919e has_bg_color\"><div class=\"vc_column-inner\"><div class=\"wpb_text_column\"><div class=\"wpb_wrapper\"><p><img decoding=\"async\" class=\"wp-image-843 aligncenter\" src=\"http:\/\/boronatic.com\/wp-content\/uploads\/2025\/02\/Gremi.svg\" alt=\"\" width=\"83\"><\/p>\n<\/div><\/div><div class=\"w-separator size_small\"><\/div><h4 class=\"w-text us_custom_d3d21a4a\"><span class=\"w-text-h\"><span class=\"w-text-value\">Gremi d\u00b4Arts grafiques de Catalunya<\/span><\/span><\/h4><\/div><\/div><div class=\"wpb_column vc_column_container us_custom_70b7919e has_bg_color\"><div class=\"vc_column-inner\"><div class=\"wpb_text_column\"><div class=\"wpb_wrapper\"><p><img loading=\"lazy\" decoding=\"async\" class=\"alignnone wp-image-898\" src=\"http:\/\/boronatic.com\/wp-content\/uploads\/2025\/03\/Logo-impriclub.png\" alt=\"\" width=\"230\" height=\"51\"><\/p>\n<\/div><\/div><div class=\"w-separator size_medium\"><\/div><div class=\"wpb_text_column us_custom_90449188\"><div class=\"wpb_wrapper\"><h4>IMPRICLUB<\/h4>\n<\/div><\/div><\/div><\/div><div class=\"wpb_column vc_column_container\"><div class=\"vc_column-inner\"><div class=\"w-separator size_medium\"><\/div><div class=\"w-separator size_small\"><\/div><\/div><\/div><\/div><\/div><\/div><\/div><\/div><\/section>\n","protected":false},"excerpt":{"rendered":"","protected":false},"author":1,"featured_media":0,"parent":0,"menu_order":0,"comment_status":"closed","ping_status":"closed","template":"","meta":{"footnotes":""},"class_list":["post-1229","page","type-page","status-publish","hentry"],"yoast_head":"<!-- This site is optimized with the Yoast SEO plugin v24.7 - https:\/\/yoast.com\/wordpress\/plugins\/seo\/ -->\n<title>Sostenibilitat i Certificacions | Boronatic<\/title>\n<meta name=\"description\" content=\"Comprometidos amb la sostenibilitat, Boronatic ofereix solucions d&#039;embalatge certificades que respecten el medi ambient. Coneix les nostres certificacions i esfor\u00e7os ecol\u00f2gics.\" \/>\n<meta name=\"robots\" content=\"index, follow, max-snippet:-1, max-image-preview:large, max-video-preview:-1\" \/>\n<link rel=\"canonical\" href=\"https:\/\/boronatic.com\/ca\/sostenibilitat-i-certificacions\/\" \/>\n<meta property=\"og:locale\" content=\"ca_ES\" \/>\n<meta property=\"og:type\" content=\"article\" \/>\n<meta property=\"og:title\" content=\"Sostenibilitat i Certificacions | Boronatic\" \/>\n<meta property=\"og:description\" content=\"Comprometidos amb la sostenibilitat, Boronatic ofereix solucions d&#039;embalatge certificades que respecten el medi ambient. Coneix les nostres certificacions i esfor\u00e7os ecol\u00f2gics.\" \/>\n<meta property=\"og:url\" content=\"https:\/\/boronatic.com\/ca\/sostenibilitat-i-certificacions\/\" \/>\n<meta property=\"og:site_name\" content=\"Boronatic\" \/>\n<meta property=\"article:modified_time\" content=\"2025-04-15T07:20:34+00:00\" \/>\n<meta property=\"og:image\" content=\"http:\/\/boronatic.com\/wp-content\/uploads\/2024\/09\/Brand-Spain-9001-Enac-1898_20.jpg\" \/>\n<meta name=\"twitter:card\" content=\"summary_large_image\" \/>\n<meta name=\"twitter:label1\" content=\"Temps estimat de lectura\" \/>\n\t<meta name=\"twitter:data1\" content=\"9 minuts\" \/>\n<script type=\"application\/ld+json\" class=\"yoast-schema-graph\">{\"@context\":\"https:\/\/schema.org\",\"@graph\":[{\"@type\":\"WebPage\",\"@id\":\"https:\/\/boronatic.com\/ca\/sostenibilitat-i-certificacions\/\",\"url\":\"https:\/\/boronatic.com\/ca\/sostenibilitat-i-certificacions\/\",\"name\":\"Sostenibilitat i Certificacions | Boronatic\",\"isPartOf\":{\"@id\":\"https:\/\/boronatic.com\/#website\"},\"primaryImageOfPage\":{\"@id\":\"https:\/\/boronatic.com\/ca\/sostenibilitat-i-certificacions\/#primaryimage\"},\"image\":{\"@id\":\"https:\/\/boronatic.com\/ca\/sostenibilitat-i-certificacions\/#primaryimage\"},\"thumbnailUrl\":\"http:\/\/boronatic.com\/wp-content\/uploads\/2024\/09\/Brand-Spain-9001-Enac-1898_20.jpg\",\"datePublished\":\"2025-01-16T11:44:34+00:00\",\"dateModified\":\"2025-04-15T07:20:34+00:00\",\"description\":\"Comprometidos amb la sostenibilitat, Boronatic ofereix solucions d'embalatge certificades que respecten el medi ambient. Coneix les nostres certificacions i esfor\u00e7os ecol\u00f2gics.\",\"breadcrumb\":{\"@id\":\"https:\/\/boronatic.com\/ca\/sostenibilitat-i-certificacions\/#breadcrumb\"},\"inLanguage\":\"ca\",\"potentialAction\":[{\"@type\":\"ReadAction\",\"target\":[\"https:\/\/boronatic.com\/ca\/sostenibilitat-i-certificacions\/\"]}]},{\"@type\":\"ImageObject\",\"inLanguage\":\"ca\",\"@id\":\"https:\/\/boronatic.com\/ca\/sostenibilitat-i-certificacions\/#primaryimage\",\"url\":\"http:\/\/boronatic.com\/wp-content\/uploads\/2024\/09\/Brand-Spain-9001-Enac-1898_20.jpg\",\"contentUrl\":\"http:\/\/boronatic.com\/wp-content\/uploads\/2024\/09\/Brand-Spain-9001-Enac-1898_20.jpg\"},{\"@type\":\"BreadcrumbList\",\"@id\":\"https:\/\/boronatic.com\/ca\/sostenibilitat-i-certificacions\/#breadcrumb\",\"itemListElement\":[{\"@type\":\"ListItem\",\"position\":1,\"name\":\"Portada\",\"item\":\"https:\/\/boronatic.com\/ca\/inici\/\"},{\"@type\":\"ListItem\",\"position\":2,\"name\":\"Sostenibilitat i Certificacions\"}]},{\"@type\":\"WebSite\",\"@id\":\"https:\/\/boronatic.com\/#website\",\"url\":\"https:\/\/boronatic.com\/\",\"name\":\"Boronatic\",\"description\":\"Fabricaci\u00f3n de etiquetas autoadhesivas\",\"publisher\":{\"@id\":\"https:\/\/boronatic.com\/#organization\"},\"potentialAction\":[{\"@type\":\"SearchAction\",\"target\":{\"@type\":\"EntryPoint\",\"urlTemplate\":\"https:\/\/boronatic.com\/?s={search_term_string}\"},\"query-input\":{\"@type\":\"PropertyValueSpecification\",\"valueRequired\":true,\"valueName\":\"search_term_string\"}}],\"inLanguage\":\"ca\"},{\"@type\":\"Organization\",\"@id\":\"https:\/\/boronatic.com\/#organization\",\"name\":\"Boronatic\",\"url\":\"https:\/\/boronatic.com\/\",\"logo\":{\"@type\":\"ImageObject\",\"inLanguage\":\"ca\",\"@id\":\"https:\/\/boronatic.com\/#\/schema\/logo\/image\/\",\"url\":\"http:\/\/boronatic.com\/wp-content\/uploads\/2025\/02\/logo-boronatic-web.svg\",\"contentUrl\":\"http:\/\/boronatic.com\/wp-content\/uploads\/2025\/02\/logo-boronatic-web.svg\",\"width\":\"1024\",\"height\":\"1024\",\"caption\":\"Boronatic\"},\"image\":{\"@id\":\"https:\/\/boronatic.com\/#\/schema\/logo\/image\/\"},\"sameAs\":[\"https:\/\/www.instagram.com\/boronatic\/\",\"https:\/\/www.linkedin.com\/company\/boronatic\/\"]}]}<\/script>\n<!-- \/ Yoast SEO plugin. -->","yoast_head_json":{"title":"Sostenibilitat i Certificacions | Boronatic","description":"Comprometidos amb la sostenibilitat, Boronatic ofereix solucions d'embalatge certificades que respecten el medi ambient. Coneix les nostres certificacions i esfor\u00e7os ecol\u00f2gics.","robots":{"index":"index","follow":"follow","max-snippet":"max-snippet:-1","max-image-preview":"max-image-preview:large","max-video-preview":"max-video-preview:-1"},"canonical":"https:\/\/boronatic.com\/ca\/sostenibilitat-i-certificacions\/","og_locale":"ca_ES","og_type":"article","og_title":"Sostenibilitat i Certificacions | Boronatic","og_description":"Comprometidos amb la sostenibilitat, Boronatic ofereix solucions d'embalatge certificades que respecten el medi ambient. Coneix les nostres certificacions i esfor\u00e7os ecol\u00f2gics.","og_url":"https:\/\/boronatic.com\/ca\/sostenibilitat-i-certificacions\/","og_site_name":"Boronatic","article_modified_time":"2025-04-15T07:20:34+00:00","og_image":[{"url":"http:\/\/boronatic.com\/wp-content\/uploads\/2024\/09\/Brand-Spain-9001-Enac-1898_20.jpg","type":"","width":"","height":""}],"twitter_card":"summary_large_image","twitter_misc":{"Temps estimat de lectura":"9 minuts"},"schema":{"@context":"https:\/\/schema.org","@graph":[{"@type":"WebPage","@id":"https:\/\/boronatic.com\/ca\/sostenibilitat-i-certificacions\/","url":"https:\/\/boronatic.com\/ca\/sostenibilitat-i-certificacions\/","name":"Sostenibilitat i Certificacions | Boronatic","isPartOf":{"@id":"https:\/\/boronatic.com\/#website"},"primaryImageOfPage":{"@id":"https:\/\/boronatic.com\/ca\/sostenibilitat-i-certificacions\/#primaryimage"},"image":{"@id":"https:\/\/boronatic.com\/ca\/sostenibilitat-i-certificacions\/#primaryimage"},"thumbnailUrl":"http:\/\/boronatic.com\/wp-content\/uploads\/2024\/09\/Brand-Spain-9001-Enac-1898_20.jpg","datePublished":"2025-01-16T11:44:34+00:00","dateModified":"2025-04-15T07:20:34+00:00","description":"Comprometidos amb la sostenibilitat, Boronatic ofereix solucions d'embalatge certificades que respecten el medi ambient. Coneix les nostres certificacions i esfor\u00e7os ecol\u00f2gics.","breadcrumb":{"@id":"https:\/\/boronatic.com\/ca\/sostenibilitat-i-certificacions\/#breadcrumb"},"inLanguage":"ca","potentialAction":[{"@type":"ReadAction","target":["https:\/\/boronatic.com\/ca\/sostenibilitat-i-certificacions\/"]}]},{"@type":"ImageObject","inLanguage":"ca","@id":"https:\/\/boronatic.com\/ca\/sostenibilitat-i-certificacions\/#primaryimage","url":"http:\/\/boronatic.com\/wp-content\/uploads\/2024\/09\/Brand-Spain-9001-Enac-1898_20.jpg","contentUrl":"http:\/\/boronatic.com\/wp-content\/uploads\/2024\/09\/Brand-Spain-9001-Enac-1898_20.jpg"},{"@type":"BreadcrumbList","@id":"https:\/\/boronatic.com\/ca\/sostenibilitat-i-certificacions\/#breadcrumb","itemListElement":[{"@type":"ListItem","position":1,"name":"Portada","item":"https:\/\/boronatic.com\/ca\/inici\/"},{"@type":"ListItem","position":2,"name":"Sostenibilitat i Certificacions"}]},{"@type":"WebSite","@id":"https:\/\/boronatic.com\/#website","url":"https:\/\/boronatic.com\/","name":"Boronatic","description":"Fabricaci\u00f3n de etiquetas autoadhesivas","publisher":{"@id":"https:\/\/boronatic.com\/#organization"},"potentialAction":[{"@type":"SearchAction","target":{"@type":"EntryPoint","urlTemplate":"https:\/\/boronatic.com\/?s={search_term_string}"},"query-input":{"@type":"PropertyValueSpecification","valueRequired":true,"valueName":"search_term_string"}}],"inLanguage":"ca"},{"@type":"Organization","@id":"https:\/\/boronatic.com\/#organization","name":"Boronatic","url":"https:\/\/boronatic.com\/","logo":{"@type":"ImageObject","inLanguage":"ca","@id":"https:\/\/boronatic.com\/#\/schema\/logo\/image\/","url":"http:\/\/boronatic.com\/wp-content\/uploads\/2025\/02\/logo-boronatic-web.svg","contentUrl":"http:\/\/boronatic.com\/wp-content\/uploads\/2025\/02\/logo-boronatic-web.svg","width":"1024","height":"1024","caption":"Boronatic"},"image":{"@id":"https:\/\/boronatic.com\/#\/schema\/logo\/image\/"},"sameAs":["https:\/\/www.instagram.com\/boronatic\/","https:\/\/www.linkedin.com\/company\/boronatic\/"]}]}},"_links":{"self":[{"href":"https:\/\/boronatic.com\/ca\/wp-json\/wp\/v2\/pages\/1229","targetHints":{"allow":["GET"]}}],"collection":[{"href":"https:\/\/boronatic.com\/ca\/wp-json\/wp\/v2\/pages"}],"about":[{"href":"https:\/\/boronatic.com\/ca\/wp-json\/wp\/v2\/types\/page"}],"author":[{"embeddable":true,"href":"https:\/\/boronatic.com\/ca\/wp-json\/wp\/v2\/users\/1"}],"replies":[{"embeddable":true,"href":"https:\/\/boronatic.com\/ca\/wp-json\/wp\/v2\/comments?post=1229"}],"version-history":[{"count":4,"href":"https:\/\/boronatic.com\/ca\/wp-json\/wp\/v2\/pages\/1229\/revisions"}],"predecessor-version":[{"id":1622,"href":"https:\/\/boronatic.com\/ca\/wp-json\/wp\/v2\/pages\/1229\/revisions\/1622"}],"wp:attachment":[{"href":"https:\/\/boronatic.com\/ca\/wp-json\/wp\/v2\/media?parent=1229"}],"curies":[{"name":"wp","href":"https:\/\/api.w.org\/{rel}","templated":true}]}}