{"id":1319,"date":"2024-10-02T09:36:09","date_gmt":"2024-10-02T09:36:09","guid":{"rendered":"http:\/\/boronatic.com\/etiquetes-envoltants\/"},"modified":"2025-03-27T16:22:03","modified_gmt":"2025-03-27T16:22:03","slug":"etiquetes-envoltants","status":"publish","type":"page","link":"https:\/\/boronatic.com\/ca\/etiquetes-envoltants\/","title":{"rendered":"Etiquetes Envoltants"},"content":{"rendered":"<section class=\"l-section wpb_row height_medium\"><div class=\"l-section-overlay\" style=\"background:rgba(255,255,255,0.95)\"><\/div><div class=\"l-section-h i-cf\"><div class=\"g-cols vc_row via_grid cols_1 laptops-cols_inherit tablets-cols_inherit mobiles-cols_1 valign_top type_default stacking_default\"><div class=\"wpb_column vc_column_container\"><div class=\"vc_column-inner\"><div class=\"w-text us_custom_5f1848e8 has_text_color\"><span class=\"w-text-h\"><span class=\"w-text-value\">Productes<\/span><\/span><\/div><h1 class=\"w-post-elm post_title us_custom_74e066d2 has_text_color entry-title color_link_inherit\">Etiquetes Envoltants<\/h1><div class=\"w-separator size_small\"><\/div><div class=\"g-cols wpb_row via_grid cols_2-1 laptops-cols_inherit tablets-cols_inherit mobiles-cols_1 valign_middle type_default stacking_default\" style=\"--columns-gap:3rem;\"><div class=\"wpb_column vc_column_container\"><div class=\"vc_column-inner\"><div class=\"wpb_text_column us_custom_dd17263c\"><div class=\"wpb_wrapper\"><p>A Boronatic, entenem que cada env\u00e0s t\u00e9 una hist\u00f2ria per explicar. Les nostres <strong>etiquetes envoltants<\/strong> estan dissenyades per cobrir de manera completa i est\u00e8tica els envasos cil\u00edndrics, oferint una soluci\u00f3 vers\u00e0til i funcional per destacar la teva marca i proporcionar tota la informaci\u00f3 necess\u00e0ria. Amb un enfocament en qualitat, personalitzaci\u00f3 i sostenibilitat, som el teu aliat ideal per donar vida a les idees.  <\/p>\n<\/div><\/div><\/div><\/div><div class=\"wpb_column vc_column_container\"><div class=\"vc_column-inner\"><div class=\"w-grid type_carousel layout_682\" id=\"us_grid_1\"><style>.layout_682 .w-grid-item-h{}.layout_682 .usg_post_image_1{border-radius:0.5em!important}<\/style><div class=\"w-grid-list owl-carousel valign_stretch dotstyle_circle navstyle_circle navpos_inside owl-responsive-2000 with_arrows\" style=\"--transition-duration:350ms;--arrows-size:1.5rem;\">\t<article class=\"w-grid-item post-1178 attachment type-attachment status-inherit hentry\" data-id=\"1178\">\r\n\t\t<div class=\"w-grid-item-h\">\r\n\t\t\t\t\t\t<div class=\"w-post-elm post_image usg_post_image_1 has_ratio\"><img loading=\"lazy\" decoding=\"async\" width=\"1280\" height=\"959\" src=\"https:\/\/boronatic.com\/wp-content\/uploads\/2025\/03\/Etiquetas-envolventes-Boronatic-1.webp\" class=\"attachment-full size-full\" alt=\"\" \/><div style=\"padding-bottom:75%\"><\/div><\/div>\t\t<\/div>\r\n\t\t\t<\/article>\r\n\t<article class=\"w-grid-item post-1180 attachment type-attachment status-inherit hentry\" data-id=\"1180\">\r\n\t\t<div class=\"w-grid-item-h\">\r\n\t\t\t\t\t\t<div class=\"w-post-elm post_image usg_post_image_1 has_ratio\"><img loading=\"lazy\" decoding=\"async\" width=\"1280\" height=\"953\" src=\"https:\/\/boronatic.com\/wp-content\/uploads\/2025\/03\/Etiquetas-envolventes-Boronatic-2.webp\" class=\"attachment-full size-full\" alt=\"\" \/><div style=\"padding-bottom:75%\"><\/div><\/div>\t\t<\/div>\r\n\t\t\t<\/article>\r\n\t<article class=\"w-grid-item post-1182 attachment type-attachment status-inherit hentry\" data-id=\"1182\">\r\n\t\t<div class=\"w-grid-item-h\">\r\n\t\t\t\t\t\t<div class=\"w-post-elm post_image usg_post_image_1 has_ratio\"><img loading=\"lazy\" decoding=\"async\" width=\"1280\" height=\"959\" src=\"https:\/\/boronatic.com\/wp-content\/uploads\/2025\/03\/Etiquetas-envolventes-Boronatic-3.webp\" class=\"attachment-full size-full\" alt=\"\" \/><div style=\"padding-bottom:75%\"><\/div><\/div>\t\t<\/div>\r\n\t\t\t<\/article>\r\n<\/div>\t<div class=\"g-preloader type_1\">\r\n\t\t<div><\/div>\r\n\t<\/div>\r\n\t\t<div class=\"w-grid-json hidden\" onclick='return {&quot;action&quot;:&quot;us_ajax_grid&quot;,&quot;infinite_scroll&quot;:0,&quot;max_num_pages&quot;:1,&quot;pagination&quot;:&quot;none&quot;,&quot;template_vars&quot;:{&quot;columns&quot;:&quot;&quot;,&quot;exclude_items&quot;:&quot;none&quot;,&quot;img_size&quot;:&quot;default&quot;,&quot;ignore_items_size&quot;:0,&quot;items_layout&quot;:&quot;682&quot;,&quot;items_offset&quot;:&quot;0px&quot;,&quot;load_animation&quot;:&quot;none&quot;,&quot;overriding_link&quot;:&quot;{\\&quot;url\\&quot;:\\&quot;\\&quot;}&quot;,&quot;post_id&quot;:0,&quot;query_args&quot;:{&quot;post_type&quot;:[&quot;attachment&quot;],&quot;post__in&quot;:[&quot;889&quot;,&quot;890&quot;,&quot;891&quot;],&quot;post_status&quot;:&quot;inherit&quot;,&quot;post_mime_type&quot;:&quot;image&quot;,&quot;posts_per_page&quot;:999},&quot;orderby_query_args&quot;:{&quot;orderby&quot;:{&quot;post__in&quot;:&quot;ASC&quot;},&quot;order&quot;:&quot;ASC&quot;},&quot;type&quot;:&quot;carousel&quot;,&quot;us_grid_post_type&quot;:&quot;attachment&quot;,&quot;us_grid_ajax_index&quot;:1,&quot;us_grid_filter_query_string&quot;:null,&quot;us_grid_index&quot;:1,&quot;page_args&quot;:[],&quot;lang&quot;:&quot;ca&quot;},&quot;carousel_settings&quot;:{&quot;aria_labels&quot;:{&quot;prev&quot;:&quot;Anterior&quot;,&quot;next&quot;:&quot;Seg\\u00fcent&quot;},&quot;autoplayContinual&quot;:false,&quot;autoplayHoverPause&quot;:false,&quot;autoplayTimeout&quot;:3000,&quot;autoWidth&quot;:false,&quot;smartSpeed&quot;:350,&quot;margin&quot;:0,&quot;mouseDrag&quot;:true,&quot;rtl&quot;:false,&quot;slideBy&quot;:&quot;1&quot;,&quot;touchDrag&quot;:true,&quot;slideTransition&quot;:&quot;&quot;,&quot;responsive&quot;:{&quot;0&quot;:{&quot;autoHeight&quot;:false,&quot;autoplay&quot;:false,&quot;autoWidth&quot;:false,&quot;center&quot;:false,&quot;dots&quot;:false,&quot;items&quot;:1,&quot;loop&quot;:false,&quot;nav&quot;:false,&quot;stagePadding&quot;:0,&quot;slideBy&quot;:&quot;1&quot;},&quot;601&quot;:{&quot;items&quot;:1,&quot;autoplay&quot;:false,&quot;center&quot;:false,&quot;dots&quot;:false,&quot;nav&quot;:true,&quot;autoHeight&quot;:false,&quot;autoWidth&quot;:false,&quot;loop&quot;:true,&quot;stagePadding&quot;:0}}}}'><\/div>\r\n\t<\/div><\/div><\/div><\/div><div class=\"w-separator size_medium\"><\/div><div class=\"w-text us_custom_18fe770c has_text_color\"><span class=\"w-text-h\"><span class=\"w-text-value\">Cada env\u00e0s mereix una etiqueta que l&apos;abraci del tot<\/span><\/span><\/div><div class=\"w-separator size_medium\"><\/div><div class=\"w-btn-wrapper align_none\"><a class=\"w-btn us-btn-style_1\" href=\"https:\/\/comunicacionparaempresas.es\/boronatic\/ca\/contacte\/\"><span class=\"w-btn-label\">Contactar ara<\/span><\/a><\/div><\/div><\/div><\/div><\/div><\/section><section class=\"l-section wpb_row us_custom_e8593e36 height_medium\"><div class=\"l-section-h i-cf\"><div class=\"g-cols vc_row via_grid cols_1 laptops-cols_inherit tablets-cols_inherit mobiles-cols_1 valign_top type_default stacking_default\"><div class=\"wpb_column vc_column_container\"><div class=\"vc_column-inner\"><h2 class=\"w-text us_custom_836f727b has_text_color\"><span class=\"w-text-h\"><span class=\"w-text-value\">Etiquetes Envoltants:<\/br> Solucions Integrals per a Productes Cil\u00edndrics<\/span><\/span><\/h2><div class=\"w-separator size_small\"><\/div><div class=\"g-cols wpb_row via_grid cols_3 laptops-cols_inherit tablets-cols_inherit mobiles-cols_1 valign_middle type_default stacking_default\" style=\"--columns-gap:3rem;--laptops-columns-gap:3rem;--tablets-columns-gap:3rem;--mobiles-columns-gap:1rem;\"><div class=\"wpb_column vc_column_container us_custom_6b1ecf2d sombra_caja has_bg_color\"><div class=\"vc_column-inner\"><div class=\"wpb_text_column us_custom_18d97fdc has_text_color\"><div class=\"wpb_wrapper\"><p><strong>Optimitzaci\u00f3 de l&#8217;espai<\/strong> per incloure informaci\u00f3 t\u00e8cnica, com ara ingredients, instruccions o codis de barres.<\/p>\n<\/div><\/div><\/div><\/div><div class=\"wpb_column vc_column_container us_custom_6b1ecf2d sombra_caja has_bg_color\"><div class=\"vc_column-inner\"><div class=\"wpb_text_column us_custom_18d97fdc has_text_color\"><div class=\"wpb_wrapper\"><p><strong>Generar impacte visual<\/strong> gr\u00e0cies a dissenys cridaners i acabats d\u00b4alta qualitat.<\/p>\n<\/div><\/div><\/div><\/div><div class=\"wpb_column vc_column_container us_custom_6b1ecf2d sombra_caja has_bg_color\"><div class=\"vc_column-inner\"><div class=\"wpb_text_column us_custom_18d97fdc has_text_color\"><div class=\"wpb_wrapper\"><p><strong>Assegurar resist\u00e8ncia<\/strong> davant de les exig\u00e8ncies del transport, emmagatzematge i manipulaci\u00f3.<\/p>\n<\/div><\/div><\/div><\/div><\/div><div class=\"w-separator size_small\"><\/div><\/div><\/div><\/div><\/div><\/section><section class=\"l-section wpb_row height_medium\"><div class=\"l-section-h i-cf\"><div class=\"g-cols vc_row via_grid cols_2 laptops-cols_inherit tablets-cols_inherit mobiles-cols_1 valign_top type_default stacking_default\"><div class=\"wpb_column vc_column_container\"><div class=\"vc_column-inner\"><h3 class=\"w-text us_custom_e1ac95b1 has_text_color\"><span class=\"w-text-h\"><span class=\"w-text-value\">Materials i Acabats de Qualitat Superior<\/span><\/span><\/h3><div class=\"wpb_text_column us_custom_68dca25a\"><div class=\"wpb_wrapper\"><p>Som especialistes en crear etiquetes envoltants adaptades a qualsevol necessitat. Per aix\u00f2, oferim una \u00e0mplia gamma de materials i acabats que garanteixen durabilitat i atractiu visual: <\/p>\n<\/div><\/div><div class=\"w-separator size_small\"><\/div><div class=\"w-text us_custom_3a1508c9 has_text_color icon_atleft\"><span class=\"w-text-h\"><i class=\"fas fa-history\"><\/i><span class=\"w-text-value\">Materials resistents<\/span><\/span><\/div><div class=\"w-text us_custom_e596c387 icon_atleft\"><span class=\"w-text-h\"><i class=\"fas fa-arrow-right\"><\/i><span class=\"w-text-value\">Pl\u00e0stics, papers i materials reciclables que suporten humitat, fred o calor.<\/span><\/span><\/div><div class=\"w-separator size_small\"><\/div><div class=\"w-text us_custom_3a1508c9 has_text_color icon_atleft\"><span class=\"w-text-h\"><i class=\"fas fa-cloud-rainbow\"><\/i><span class=\"w-text-value\">Acabats cridaners<\/span><\/span><\/div><div class=\"w-text us_custom_e596c387 icon_atleft\"><span class=\"w-text-h\"><i class=\"fas fa-arrow-right\"><\/i><span class=\"w-text-value\">Laminats, vernissos, relleus i estampats que realcen la identitat de la teva marca.<\/span><\/span><\/div><div class=\"w-separator size_small\"><\/div><div class=\"w-text us_custom_3a1508c9 has_text_color icon_atleft\"><span class=\"w-text-h\"><i class=\"fas fa-badge-check\"><\/i><span class=\"w-text-value\">Impressi\u00f3 d\u00b4alta qualitat<\/span><\/span><\/div><div class=\"w-text us_custom_e596c387 icon_atleft\"><span class=\"w-text-h\"><i class=\"fas fa-arrow-right\"><\/i><span class=\"w-text-value\">Tecnologia avan\u00e7ada per garantir colors vibrants, llegibilitat i un acabat professional.<\/span><\/span><\/div><\/div><\/div><div class=\"wpb_column vc_column_container type_sticky\"><div class=\"vc_column-inner\"><div class=\"w-image us_custom_595be67a style_shadow-2 align_none\"><div class=\"w-image-h\"><div class=\"w-image-shadow\" style=\"background-image:url(https:\/\/boronatic.com\/wp-content\/uploads\/2025\/03\/Etiquetas-envolventes-Boronatic-destacada.jpg);\"><\/div><img decoding=\"async\" width=\"1024\" height=\"1024\" src=\"https:\/\/boronatic.com\/wp-content\/uploads\/2025\/03\/Etiquetas-envolventes-Boronatic-destacada.jpg\" class=\"attachment-large size-large\" alt=\"\" loading=\"lazy\" \/><\/div><\/div><\/div><\/div><\/div><\/div><\/section><section class=\"l-section wpb_row height_medium color_primary\"><div class=\"l-section-h i-cf\"><div class=\"g-cols vc_row via_grid cols_1 laptops-cols_inherit tablets-cols_inherit mobiles-cols_1 valign_top type_default stacking_default\"><div class=\"wpb_column vc_column_container\"><div class=\"vc_column-inner\"><h3 class=\"w-text us_custom_836f727b has_text_color\"><span class=\"w-text-h\"><span class=\"w-text-value\">Aplicacions Vers\u00e0tils a Diversos Sectors<\/span><\/span><\/h3><div class=\"wpb_text_column\"><div class=\"wpb_wrapper\"><p>Les etiquetes envoltants s\u00f3n ideals per a diferents tipus de productes i sectors:<\/p>\n<\/div><\/div><div class=\"w-separator size_small\"><\/div><div class=\"w-hwrapper hide_on_mobiles valign_top align_center\" style=\"--hwrapper-gap:1rem\"><div class=\"w-text us_custom_05e9d292\"><span class=\"w-text-h\"><span class=\"w-text-value\"><strong>Aliments i begudes:<\/strong> etiquetes que destaquen en ampolles daigua, refrescos, salses i m\u00e9s.<\/span><\/span><\/div><div class=\"w-text us_custom_05e9d292\"><span class=\"w-text-h\"><span class=\"w-text-value\"><strong>Productes de neteja:<\/strong> resistents a subst\u00e0ncies qu\u00edmiques i condicions humides.<\/span><\/span><\/div><div class=\"w-text us_custom_05e9d292\"><span class=\"w-text-h\"><span class=\"w-text-value\"><strong>Cosm\u00e8tica i cura personal:<\/strong> dissenys atractius per a flascons de xamp\u00fa, cremes i locions.<\/span><\/span><\/div><div class=\"w-text us_custom_05e9d292\"><span class=\"w-text-h\"><span class=\"w-text-value\"><strong>Productes industrials:<\/strong> etiquetes funcionals i duradores per a envasos d\u00fas t\u00e8cnic.<\/span><\/span><\/div><\/div><div class=\"w-hwrapper hide_on_default hide_on_laptops hide_on_tablets valign_top wrap align_center\" style=\"--hwrapper-gap:1rem\"><div class=\"w-text us_custom_05e9d292\"><span class=\"w-text-h\"><span class=\"w-text-value\"><strong>Aliments i begudes:<\/strong> etiquetes que destaquen en ampolles daigua, refrescos, salses i m\u00e9s.<\/span><\/span><\/div><div class=\"w-text us_custom_05e9d292\"><span class=\"w-text-h\"><span class=\"w-text-value\"><strong>Productes de neteja:<\/strong> resistents a subst\u00e0ncies qu\u00edmiques i condicions humides.<\/span><\/span><\/div><div class=\"w-text us_custom_05e9d292\"><span class=\"w-text-h\"><span class=\"w-text-value\"><strong>Cosm\u00e8tica i cura personal:<\/strong> dissenys atractius per a flascons de xamp\u00fa, cremes i locions.<\/span><\/span><\/div><div class=\"w-text us_custom_05e9d292\"><span class=\"w-text-h\"><span class=\"w-text-value\"><strong>Productes industrials:<\/strong> etiquetes funcionals i duradores per a envasos d\u00fas t\u00e8cnic.<\/span><\/span><\/div><\/div><\/div><\/div><\/div><\/div><\/section><section class=\"l-section wpb_row us_custom_edb9ce87 height_medium\"><div class=\"l-section-h i-cf\"><div class=\"g-cols vc_row via_grid cols_1 laptops-cols_inherit tablets-cols_inherit mobiles-cols_1 valign_top type_default stacking_default\"><div class=\"wpb_column vc_column_container\"><div class=\"vc_column-inner\"><h3 class=\"w-text us_custom_e1ac95b1 has_text_color\"><span class=\"w-text-h\"><span class=\"w-text-value\">Per qu\u00e8 Triar Boronatic?<\/span><\/span><\/h3><div class=\"w-vwrapper align_none valign_top\" style=\"--vwrapper-gap:0.35rem\"><div class=\"w-text us_custom_3a1508c9 has_text_color icon_atleft\"><span class=\"w-text-h\"><i class=\"fas fa-user-check\"><\/i><span class=\"w-text-value\">Assessorament a mida<\/span><\/span><\/div><div class=\"w-text icon_atleft\"><span class=\"w-text-h\"><i class=\"fas fa-arrow-right\"><\/i><span class=\"w-text-value\">T&apos;ajudem a triar els materials, els acabats i els dissenys que millor s&apos;adaptin a les teves necessitats.<\/span><\/span><\/div><\/div><div class=\"w-separator size_small\"><\/div><div class=\"w-vwrapper align_none valign_top\" style=\"--vwrapper-gap:0.35rem\"><div class=\"w-text us_custom_3a1508c9 has_text_color icon_atleft\"><span class=\"w-text-h\"><i class=\"fas fa-layer-plus\"><\/i><span class=\"w-text-value\">Personalitzaci\u00f3 total<\/span><\/span><\/div><div class=\"w-text icon_atleft\"><span class=\"w-text-h\"><i class=\"fas fa-arrow-right\"><\/i><span class=\"w-text-value\">Creem etiquetes \u00faniques que reflecteixen l&apos;ess\u00e8ncia de la marca.<\/span><\/span><\/div><\/div><div class=\"w-separator size_small\"><\/div><div class=\"w-vwrapper align_none valign_top\" style=\"--vwrapper-gap:0.35rem\"><div class=\"w-text us_custom_3a1508c9 has_text_color icon_atleft\"><span class=\"w-text-h\"><i class=\"fas fa-clock\"><\/i><span class=\"w-text-value\">Lliuraments r\u00e0pids<\/span><\/span><\/div><div class=\"w-text icon_atleft\"><span class=\"w-text-h\"><i class=\"fas fa-arrow-right\"><\/i><span class=\"w-text-value\">Complim els teus terminis sense comprometre l&apos;excel\u00b7l\u00e8ncia.<\/span><\/span><\/div><\/div><\/div><\/div><\/div><\/div><\/section><section class=\"l-section wpb_row height_medium color_secondary\"><div class=\"l-section-h i-cf\"><div class=\"g-cols vc_row via_grid cols_1 laptops-cols_inherit tablets-cols_inherit mobiles-cols_1 valign_top type_default stacking_default\"><div class=\"wpb_column vc_column_container us_custom_eb849559\"><div class=\"vc_column-inner\"><h4 class=\"w-text us_custom_74e066d2 has_text_color\"><span class=\"w-text-h\"><span class=\"w-text-value\">Transforma Els teus Envasos amb Boronatic<\/span><\/span><\/h4><div class=\"g-cols wpb_row via_grid cols_custom laptops-cols_inherit tablets-cols_inherit mobiles-cols_1 valign_top type_default stacking_default\" style=\"--columns-gap:3rem;--custom-columns:1fr 4fr 1fr \"><div class=\"wpb_column vc_column_container\"><div class=\"vc_column-inner\"><\/div><\/div><div class=\"wpb_column vc_column_container\"><div class=\"vc_column-inner\"><div class=\"wpb_text_column\"><div class=\"wpb_wrapper\"><p>Les etiquetes envoltants s\u00f3n m\u00e9s que un element funcional; s\u00f3n una eina clau per captar latenci\u00f3 dels teus clients i transmetre el valor de la teva marca. A Boronatic, estem a punt per ajudar-te a crear etiquetes que combinin disseny, funcionalitat i sostenibilitat. <\/p>\n<p><strong>Contacta amb nosaltres avui mateix<\/strong> i descobreix com les nostres etiquetes envoltants poden marcar la difer\u00e8ncia als teus productes.<\/p>\n<\/div><\/div><\/div><\/div><div class=\"wpb_column vc_column_container\"><div class=\"vc_column-inner\"><\/div><\/div><\/div><div class=\"w-separator size_small\"><\/div><div class=\"w-btn-wrapper align_none\"><a class=\"w-btn us-btn-style_5\" href=\"#\"><span class=\"w-btn-label\">Contacte<\/span><\/a><\/div><div class=\"wpb_text_column us_custom_78b4e7f5 imagoopac\"><div class=\"wpb_wrapper\"><p><img decoding=\"async\" class=\"alignnone wp-image-202\" src=\"http:\/\/boronatic.com\/wp-content\/uploads\/2024\/10\/a-boronatic.svg\" alt=\"\" width=\"350\"><\/p>\n<\/div><\/div><\/div><\/div><\/div><\/div><\/section>\n","protected":false},"excerpt":{"rendered":"","protected":false},"author":1,"featured_media":1162,"parent":0,"menu_order":0,"comment_status":"closed","ping_status":"closed","template":"","meta":{"footnotes":""},"class_list":["post-1319","page","type-page","status-publish","has-post-thumbnail","hentry"],"yoast_head":"<!-- This site is optimized with the Yoast SEO plugin v24.7 - https:\/\/yoast.com\/wordpress\/plugins\/seo\/ -->\n<title>Etiquetes Envoltants | Boronatic<\/title>\n<meta name=\"robots\" content=\"index, follow, max-snippet:-1, max-image-preview:large, max-video-preview:-1\" \/>\n<link rel=\"canonical\" href=\"https:\/\/boronatic.com\/ca\/etiquetes-envoltants\/\" \/>\n<meta property=\"og:locale\" content=\"ca_ES\" \/>\n<meta property=\"og:type\" content=\"article\" \/>\n<meta property=\"og:title\" content=\"Etiquetes Envoltants | Boronatic\" \/>\n<meta property=\"og:url\" content=\"https:\/\/boronatic.com\/ca\/etiquetes-envoltants\/\" \/>\n<meta property=\"og:site_name\" content=\"Boronatic\" \/>\n<meta property=\"article:modified_time\" content=\"2025-03-27T16:22:03+00:00\" \/>\n<meta name=\"twitter:card\" content=\"summary_large_image\" \/>\n<meta name=\"twitter:label1\" content=\"Temps estimat de lectura\" \/>\n\t<meta name=\"twitter:data1\" content=\"14 minuts\" \/>\n<script type=\"application\/ld+json\" class=\"yoast-schema-graph\">{\"@context\":\"https:\/\/schema.org\",\"@graph\":[{\"@type\":\"WebPage\",\"@id\":\"https:\/\/boronatic.com\/ca\/etiquetes-envoltants\/\",\"url\":\"https:\/\/boronatic.com\/ca\/etiquetes-envoltants\/\",\"name\":\"Etiquetes Envoltants | Boronatic\",\"isPartOf\":{\"@id\":\"https:\/\/boronatic.com\/#website\"},\"primaryImageOfPage\":{\"@id\":\"https:\/\/boronatic.com\/ca\/etiquetes-envoltants\/#primaryimage\"},\"image\":{\"@id\":\"https:\/\/boronatic.com\/ca\/etiquetes-envoltants\/#primaryimage\"},\"thumbnailUrl\":\"https:\/\/boronatic.com\/wp-content\/uploads\/2025\/03\/Etiquetas-envolventes-Boronatic-destacada.jpg\",\"datePublished\":\"2024-10-02T09:36:09+00:00\",\"dateModified\":\"2025-03-27T16:22:03+00:00\",\"breadcrumb\":{\"@id\":\"https:\/\/boronatic.com\/ca\/etiquetes-envoltants\/#breadcrumb\"},\"inLanguage\":\"ca\",\"potentialAction\":[{\"@type\":\"ReadAction\",\"target\":[\"https:\/\/boronatic.com\/ca\/etiquetes-envoltants\/\"]}]},{\"@type\":\"ImageObject\",\"inLanguage\":\"ca\",\"@id\":\"https:\/\/boronatic.com\/ca\/etiquetes-envoltants\/#primaryimage\",\"url\":\"https:\/\/boronatic.com\/wp-content\/uploads\/2025\/03\/Etiquetas-envolventes-Boronatic-destacada.jpg\",\"contentUrl\":\"https:\/\/boronatic.com\/wp-content\/uploads\/2025\/03\/Etiquetas-envolventes-Boronatic-destacada.jpg\",\"width\":1080,\"height\":1080},{\"@type\":\"BreadcrumbList\",\"@id\":\"https:\/\/boronatic.com\/ca\/etiquetes-envoltants\/#breadcrumb\",\"itemListElement\":[{\"@type\":\"ListItem\",\"position\":1,\"name\":\"Portada\",\"item\":\"https:\/\/boronatic.com\/ca\/inici\/\"},{\"@type\":\"ListItem\",\"position\":2,\"name\":\"Etiquetes Envoltants\"}]},{\"@type\":\"WebSite\",\"@id\":\"https:\/\/boronatic.com\/#website\",\"url\":\"https:\/\/boronatic.com\/\",\"name\":\"Boronatic\",\"description\":\"Fabricaci\u00f3n de etiquetas autoadhesivas\",\"publisher\":{\"@id\":\"https:\/\/boronatic.com\/#organization\"},\"potentialAction\":[{\"@type\":\"SearchAction\",\"target\":{\"@type\":\"EntryPoint\",\"urlTemplate\":\"https:\/\/boronatic.com\/?s={search_term_string}\"},\"query-input\":{\"@type\":\"PropertyValueSpecification\",\"valueRequired\":true,\"valueName\":\"search_term_string\"}}],\"inLanguage\":\"ca\"},{\"@type\":\"Organization\",\"@id\":\"https:\/\/boronatic.com\/#organization\",\"name\":\"Boronatic\",\"url\":\"https:\/\/boronatic.com\/\",\"logo\":{\"@type\":\"ImageObject\",\"inLanguage\":\"ca\",\"@id\":\"https:\/\/boronatic.com\/#\/schema\/logo\/image\/\",\"url\":\"http:\/\/boronatic.com\/wp-content\/uploads\/2025\/02\/logo-boronatic-web.svg\",\"contentUrl\":\"http:\/\/boronatic.com\/wp-content\/uploads\/2025\/02\/logo-boronatic-web.svg\",\"width\":\"1024\",\"height\":\"1024\",\"caption\":\"Boronatic\"},\"image\":{\"@id\":\"https:\/\/boronatic.com\/#\/schema\/logo\/image\/\"},\"sameAs\":[\"https:\/\/www.instagram.com\/boronatic\/\",\"https:\/\/www.linkedin.com\/company\/boronatic\/\"]}]}<\/script>\n<!-- \/ Yoast SEO plugin. -->","yoast_head_json":{"title":"Etiquetes Envoltants | Boronatic","robots":{"index":"index","follow":"follow","max-snippet":"max-snippet:-1","max-image-preview":"max-image-preview:large","max-video-preview":"max-video-preview:-1"},"canonical":"https:\/\/boronatic.com\/ca\/etiquetes-envoltants\/","og_locale":"ca_ES","og_type":"article","og_title":"Etiquetes Envoltants | Boronatic","og_url":"https:\/\/boronatic.com\/ca\/etiquetes-envoltants\/","og_site_name":"Boronatic","article_modified_time":"2025-03-27T16:22:03+00:00","twitter_card":"summary_large_image","twitter_misc":{"Temps estimat de lectura":"14 minuts"},"schema":{"@context":"https:\/\/schema.org","@graph":[{"@type":"WebPage","@id":"https:\/\/boronatic.com\/ca\/etiquetes-envoltants\/","url":"https:\/\/boronatic.com\/ca\/etiquetes-envoltants\/","name":"Etiquetes Envoltants | Boronatic","isPartOf":{"@id":"https:\/\/boronatic.com\/#website"},"primaryImageOfPage":{"@id":"https:\/\/boronatic.com\/ca\/etiquetes-envoltants\/#primaryimage"},"image":{"@id":"https:\/\/boronatic.com\/ca\/etiquetes-envoltants\/#primaryimage"},"thumbnailUrl":"https:\/\/boronatic.com\/wp-content\/uploads\/2025\/03\/Etiquetas-envolventes-Boronatic-destacada.jpg","datePublished":"2024-10-02T09:36:09+00:00","dateModified":"2025-03-27T16:22:03+00:00","breadcrumb":{"@id":"https:\/\/boronatic.com\/ca\/etiquetes-envoltants\/#breadcrumb"},"inLanguage":"ca","potentialAction":[{"@type":"ReadAction","target":["https:\/\/boronatic.com\/ca\/etiquetes-envoltants\/"]}]},{"@type":"ImageObject","inLanguage":"ca","@id":"https:\/\/boronatic.com\/ca\/etiquetes-envoltants\/#primaryimage","url":"https:\/\/boronatic.com\/wp-content\/uploads\/2025\/03\/Etiquetas-envolventes-Boronatic-destacada.jpg","contentUrl":"https:\/\/boronatic.com\/wp-content\/uploads\/2025\/03\/Etiquetas-envolventes-Boronatic-destacada.jpg","width":1080,"height":1080},{"@type":"BreadcrumbList","@id":"https:\/\/boronatic.com\/ca\/etiquetes-envoltants\/#breadcrumb","itemListElement":[{"@type":"ListItem","position":1,"name":"Portada","item":"https:\/\/boronatic.com\/ca\/inici\/"},{"@type":"ListItem","position":2,"name":"Etiquetes Envoltants"}]},{"@type":"WebSite","@id":"https:\/\/boronatic.com\/#website","url":"https:\/\/boronatic.com\/","name":"Boronatic","description":"Fabricaci\u00f3n de etiquetas autoadhesivas","publisher":{"@id":"https:\/\/boronatic.com\/#organization"},"potentialAction":[{"@type":"SearchAction","target":{"@type":"EntryPoint","urlTemplate":"https:\/\/boronatic.com\/?s={search_term_string}"},"query-input":{"@type":"PropertyValueSpecification","valueRequired":true,"valueName":"search_term_string"}}],"inLanguage":"ca"},{"@type":"Organization","@id":"https:\/\/boronatic.com\/#organization","name":"Boronatic","url":"https:\/\/boronatic.com\/","logo":{"@type":"ImageObject","inLanguage":"ca","@id":"https:\/\/boronatic.com\/#\/schema\/logo\/image\/","url":"http:\/\/boronatic.com\/wp-content\/uploads\/2025\/02\/logo-boronatic-web.svg","contentUrl":"http:\/\/boronatic.com\/wp-content\/uploads\/2025\/02\/logo-boronatic-web.svg","width":"1024","height":"1024","caption":"Boronatic"},"image":{"@id":"https:\/\/boronatic.com\/#\/schema\/logo\/image\/"},"sameAs":["https:\/\/www.instagram.com\/boronatic\/","https:\/\/www.linkedin.com\/company\/boronatic\/"]}]}},"_links":{"self":[{"href":"https:\/\/boronatic.com\/ca\/wp-json\/wp\/v2\/pages\/1319","targetHints":{"allow":["GET"]}}],"collection":[{"href":"https:\/\/boronatic.com\/ca\/wp-json\/wp\/v2\/pages"}],"about":[{"href":"https:\/\/boronatic.com\/ca\/wp-json\/wp\/v2\/types\/page"}],"author":[{"embeddable":true,"href":"https:\/\/boronatic.com\/ca\/wp-json\/wp\/v2\/users\/1"}],"replies":[{"embeddable":true,"href":"https:\/\/boronatic.com\/ca\/wp-json\/wp\/v2\/comments?post=1319"}],"version-history":[{"count":4,"href":"https:\/\/boronatic.com\/ca\/wp-json\/wp\/v2\/pages\/1319\/revisions"}],"predecessor-version":[{"id":1531,"href":"https:\/\/boronatic.com\/ca\/wp-json\/wp\/v2\/pages\/1319\/revisions\/1531"}],"wp:featuredmedia":[{"embeddable":true,"href":"https:\/\/boronatic.com\/ca\/wp-json\/wp\/v2\/media\/1162"}],"wp:attachment":[{"href":"https:\/\/boronatic.com\/ca\/wp-json\/wp\/v2\/media?parent=1319"}],"curies":[{"name":"wp","href":"https:\/\/api.w.org\/{rel}","templated":true}]}}