{"id":1499,"date":"2025-03-25T14:01:28","date_gmt":"2025-03-25T14:01:28","guid":{"rendered":"http:\/\/boronatic.com\/avis-legal\/"},"modified":"2025-03-25T14:01:28","modified_gmt":"2025-03-25T14:01:28","slug":"avis-legal","status":"publish","type":"page","link":"https:\/\/boronatic.com\/ca\/avis-legal\/","title":{"rendered":"Av\u00eds legal"},"content":{"rendered":"<h1>Av\u00eds legal<\/h1>\n<p>En compliment amb el que estableix la Llei 34\/2002 d&#8217;11 de juliol, de Serveis de la Societat de la Informaci\u00f3 i el Comer\u00e7 Electr\u00f2nic (LSSICE), s&#8217;informa dels aspectes legals seg\u00fcents:<\/p>\n<h3><strong>PROPIETAT DEL LLOC WEB<\/strong><\/h3>\n<p><strong>Responsable:<\/strong> BORONATIC SA<br \/>\n<strong>Nom comercial:<\/strong> BORONATIC<br \/>\n<strong>NIF:<\/strong> CIF A60915428<br \/>\n<strong>Adre\u00e7a:<\/strong> CARRER CAN TUXANS 9 POLIGON INDUSTRIAL CAN MILANS. 08110,<br \/>\n MONTCADA I REIXAC (Barcelona), Espanya<br \/>\n<strong>Contacte:<\/strong> Tel. 935651900 \u2013 Email: mbadia@boronatic.com<br \/>\n<strong>Registre mercantil o autoritzaci\u00f3 administrativa:<\/strong><br \/>\n<strong>Activitat:<\/strong> IMPRESSI\u00d3 DIGITAL<\/p>\n<h3><strong>CONDICIONS GENERALS D&#8217;\u00daS<\/strong><\/h3>\n<p>El portal web https:\/\/boronatic.com\/ t\u00e9 com a objecte facilitar al p\u00fablic, en general, el coneixement de les activitats que aquesta organitzaci\u00f3 duu a terme i dels productes i serveis que presta, per al desenvolupament de la seva activitat.<\/p>\n<p>L&#8217;\u00fas de qualsevol de les funcionalitats del lloc web implica l&#8217;expressa i plena acceptaci\u00f3 de les condicions aqu\u00ed exposades, sens perjudici d&#8217;aquelles particulars que es puguin aplicar a alguns dels serveis concrets oferts a trav\u00e9s del lloc web.<br \/>\n BORONATIC es reserva la facultat d&#8217;efectuar, en qualsevol moment i sense necessitat de previ av\u00eds, modificacions i actualitzacions de la informaci\u00f3 continguda a la seva Web oa la configuraci\u00f3 i presentaci\u00f3 d&#8217;aquesta.<\/p>\n<p>A fi de mantenir actualitzada la informaci\u00f3 publicada el portal Web, els continguts del mateix podran ser modificats, corregits, eliminats o afegits en qualsevol moment, per la qual cosa ser\u00e0 convenient comprovar-ne la vig\u00e8ncia o exactitud acudint a les fonts oficials.<\/p>\n<h3><strong>PROPIETAT INTEL\u00b7LECTUAL, INDUSTRIAL I FRAMES<\/strong><\/h3>\n<p>Tots els elements que formen el lloc web, aix\u00ed com la seva estructura, disseny, codi font, aix\u00ed com els logos, marques i altres signes distintius que hi apareixen, s\u00f3n titularitat de BORONATIC o dels seus col\u00b7laboradors i estan protegits pels corresponents drets de propietat intel\u00b7lectual i industrial.<\/p>\n<p>Igualment estan protegits pels corresponents drets de propietat intel\u00b7lectual i industrial les imatges i altres elements gr\u00e0fics continguts al lloc web.<br \/>\n BORONATIC prohibeix expressament la realitzaci\u00f3 de \u201cframing\u201d o la utilitzaci\u00f3 per part de tercers de qualsevol altre mecanisme que alterin el disseny, configuraci\u00f3 original o continguts del nostre lloc web.<\/p>\n<p>L&#8217;\u00fas dels continguts haur\u00e0 de respectar-ne el llicenciament particular. De tal manera el seu \u00fas, reproducci\u00f3, distribuci\u00f3, comunicaci\u00f3 p\u00fablica, transformaci\u00f3 o qualsevol altra activitat similar o an\u00e0loga, queda totalment prohibida llevat que hi hagi pr\u00e8via i expressa autoritzaci\u00f3 de BORONATIC.<br \/>\n\u00danicament s&#8217;autoritza la reproducci\u00f3 total o parcial dels textos i continguts proporcionats pel lloc web, sempre que hi concorrin totes i cadascuna de les condicions seg\u00fcents:<\/p>\n<ol>\n<li>Es mantingui la integritat dels continguts, documents o gr\u00e0fic<\/li>\n<li>Es cita expressament BORONATIC com a font i origen d&#8217;aquells.<\/li>\n<li>El prop\u00f2sit i la finalitat de tal \u00fas sigui compatible amb les finalitats de la Web i\/o activitat de BORONATIC<\/li>\n<li>No es pretengui un \u00fas comercial, quedant expressament prohibides la seva distribuci\u00f3, comunicaci\u00f3 p\u00fablica, transformaci\u00f3 o descompilaci\u00f3<\/li>\n<\/ol>\n<p>Qualsevol altre \u00fas haur\u00e0 de ser comunicat i autoritzat per BORONATIC, pr\u00e8viament i expressament.<br \/>\n Respecte a les cites de productes i serveis de tercers, BORONATIC reconeix a favor dels seus titulars els corresponents drets de propietat industrial i intel\u00b7lectual, i no implica la seva sola menci\u00f3 o aparici\u00f3 a la Web l&#8217;exist\u00e8ncia de drets ni de cap responsabilitat sobre aquests, com tampoc suport, patrocini o recomanaci\u00f3.<\/p>\n<p>BORONATIC declara el respecte als drets de propietat intel\u00b7lectual i industrial de tercers; per aix\u00f2, si considereu que el nostre lloc web poguessin estar violant els seus drets, preguem es posi en contacte amb BORONATIC.<\/p>\n<h3><strong>RESPONSABILITAT<\/strong><\/h3>\n<p>BORONATIC no garanteix la inexist\u00e8ncia d&#8217;errors en l&#8217;acc\u00e9s a la Web, en el seu contingut, ni que aquest estigui actualitzat, encara que BORONATIC desenvolupar\u00e0 els seus millors esfor\u00e7os per, si escau, evitar-los, esmenar-los o actualitzar-los.<\/p>\n<p>Tant l&#8217;acc\u00e9s al lloc web de BORONATIC, com l&#8217;\u00fas que es pugui fer de la informaci\u00f3 que cont\u00e9 \u00e9s de l&#8217;exclusiva responsabilitat de qui el realitza.<\/p>\n<p>BORONATIC no es fa responsable de la informaci\u00f3 i continguts emmagatzemats, a t\u00edtol enunciatiu per\u00f2 no limitatiu, en f\u00f2rums, xats, blocs, comentaris, xarxes socials o qualsevol altre mitj\u00e0 que permeti a tercers publicar continguts de la forma independent a la p\u00e0gina web de BORONATIC.<br \/>\nNo obstant aix\u00f2 i en compliment del que disposa la LSSI, BORONATIC es posa a disposici\u00f3 de tots els usuaris, autoritats i forces de seguretat, i col\u00b7laborant de manera activa en la retirada o si \u00e9s el cas bloqueig de tots aquells continguts que poguessin afectar o contravenir la legislaci\u00f3 nacional, o internacional, drets de tercers o la moral i l&#8217;ordre p\u00fablic. En cas que l&#8217;usuari consideri que hi ha al lloc web algun contingut que pogu\u00e9s ser susceptible d&#8217;aquesta classificaci\u00f3, preguem que es posi en contacte amb BORONATIC. <\/p>\n<p>BORONATIC no es responsabilitza de les contestacions que es facin a trav\u00e9s de les diferents adreces de correu electr\u00f2nic que apareixen al seu lloc web, per la qual cosa en cap cas no se&#8217;n podr\u00e0 derivar efecte jur\u00eddic vinculant.<\/p>\n<h3><strong>LINKS O HIPERENLLA\u00c7OS<\/strong><\/h3>\n<p>Els enlla\u00e7os continguts al nostre lloc web poden adre\u00e7ar a continguts web de tercer. L&#8217;objectiu d&#8217;aquests enlla\u00e7os \u00e9s \u00fanicament facilitar-vos la cerca dels recursos que us puguin interessar a trav\u00e9s d&#8217;Internet. No obstant aix\u00f2, aquestes p\u00e0gines no pertanyen a BORONATIC, ni fa una revisi\u00f3 dels seus continguts i, per aix\u00f2, BORONATIC no assumeix cap responsabilitat pel contingut, informacions o serveis que poguessin apar\u00e8ixer en aquests llocs, que tindran exclusivament car\u00e0cter informatiu i que en cap cas impliquen cap relaci\u00f3 entre BORONATIC i les persones o entitats titulars d&#8217;aquests continguts o titulars. BORONATIC tampoc no es pot fer responsable del funcionament de la p\u00e0gina enlla\u00e7ada o dels possibles danys que puguin derivar-se de l&#8217;acc\u00e9s o \u00fas de la mateixa.   <\/p>\n<p>Els enlla\u00e7os al lloc web de BORONATIC hauran de respectar les condicions seg\u00fcents:<\/p>\n<ol>\n<li>L\u00b4establiment de l\u00b4enlla\u00e7 no suposar\u00e0 cap tipus d\u00b4acord, contracte, patrocini ni recomanaci\u00f3 per part de BORONATIC de la p\u00e0gina que realitza l\u00b4enlla\u00e7.<\/li>\n<li>La p\u00e0gina web on s&#8217;estableixi l&#8217;hiperenlla\u00e7 no contindr\u00e0 informacions amb continguts que siguin il\u00b7l\u00edcits, discriminatoris, contraris als principis.<\/li>\n<li>BORONATIC podr\u00e0 sol\u00b7licitar que es retiri un enlla\u00e7 a la seva web, sense necessitat d&#8217;algar cap causa. En aquest cas, la p\u00e0gina que hagi realitzat l&#8217;enlla\u00e7 haur\u00e0 de procedir a suprimir-la immediatament, tan aviat com rebi la notificaci\u00f3 de BORONATIC. <\/li>\n<li>No es responsabilitza de cap manera ni garanteix la claredat, exactitud, fiabilitat, correcci\u00f3 o moralitat de continguts o serveis que l&#8217;establiment de l&#8217;hiperenlla\u00e7 pugui oferir. L&#8217;usuari assumeix sota la seva responsabilitat exclusiva les conseq\u00fc\u00e8ncies, danys o accions que es puguin derivar de l&#8217;acc\u00e9s a la p\u00e0gina web de l&#8217;hiperenlla\u00e7. <\/li>\n<li>La p\u00e0gina Web on s&#8217;estableixi l&#8217;hiperenlla\u00e7 no podr\u00e0 contenir marca, denominaci\u00f3, logotip, esl\u00f2gan o altres signes distintius pertanyents a BORONATIC excepte aquells signes que formin part del mateix hiperenlla\u00e7.<\/li>\n<\/ol>\n<h3><strong>PROTECCI\u00d3 DE DADES PERSONALS<\/strong><\/h3>\n<p>Les dades personals sol\u00b7licitades per a la prestaci\u00f3 dels nostres serveis s&#8217;inclouen en fitxers sotmesos al que disposen la Llei org\u00e0nica de protecci\u00f3 de dades 15\/1999 (LOPD) i el Reial decret 1720\/2007, de 21 de desembre, pel qual s&#8217;aprova el reglament de desenvolupament de la mateixa (RLOPD) i el Reglament general2 de protecci\u00f3 de dades de protecci\u00f3 de dades.<br \/>\nLa recollida i el tractament d&#8217;aquestes dades es duen a terme per BORONATIC, i tenen per finalitat la gesti\u00f3, prestaci\u00f3, ampliaci\u00f3 i millora dels serveis sol\u00b7licitats a cada moment per l&#8217;usuari, el seguiment de consultes, participaci\u00f3 en processos de selecci\u00f3 de personal, comunicacions electr\u00f2niques i\/o la confecci\u00f3 d&#8217;estad\u00edstiques.<\/p>\n<p>Els serveis prestats per BORONATIC estan dirigits a m\u00e9s grans de 14 anys. En el sup\u00f2sit excepcional que es desenvolup\u00e9s algun servei dirigit espec\u00edficament a menors d&#8217;aquesta edat, BORONATIC sol\u00b7licitar\u00e0 la conformitat dels pares o tutors per a la recollida de les dades personals o, si escau, per al tractament dels mateixos. <\/p>\n<p>BORONATIC es compromet al compliment de la seva obligaci\u00f3 de secret pel que fa a les dades de car\u00e0cter personal subministrades i al deure de tractar-les amb confidencialitat i reserva, d&#8217;acord amb la legislaci\u00f3 vigent. A aquests efectes adoptar\u00e0 les mesures necess\u00e0ries per evitar-ne l&#8217;alteraci\u00f3, la p\u00e8rdua, el tractament o l&#8217;acc\u00e9s no autoritzat. <\/p>\n<h3><strong>DRETS DELS INTERESSATS<\/strong><\/h3>\n<p>La normativa vigent de protecci\u00f3 de dades us empara en una s\u00e8rie de drets en relaci\u00f3 amb l&#8217;\u00fas que donem a les vostres dades. Tots i cadascun dels seus drets s\u00f3n unipersonals i intransferibles, \u00e9s a dir, que \u00fanicament poden ser realitzats pel titular de les dades, amb la comprovaci\u00f3 pr\u00e8via de la seva identitat.<br \/>\n A continuaci\u00f3 us indiquem quins s\u00f3n els drets que us assisteixen: Sol\u00b7licitar l&#8217;ACC\u00c9S a les vostres dades personals <\/p>\n<ul>\n<li>Sol\u00b7licitar la RECTIFICACI\u00d3 de les vostres dades<\/li>\n<li>Sol\u00b7licitar la SUPRESSI\u00d3 o eliminaci\u00f3 de les seves dades (dret a l&#8217;\u201coblit\u201d)<\/li>\n<li>Dret a la PORTABILITAT de les vostres dades per a casos de serveis de telecomunicacions o internet.<\/li>\n<li>Dret a RETIRAR el vostre consentiment en qualsevol moment<\/li>\n<li>Dret a presentar una RECLAMACI\u00d3 en mat\u00e8ria de protecci\u00f3 de dades davant de l&#8217;Autoritat de<\/li>\n<li>Control: Ag\u00e8ncia Espanyola de Protecci\u00f3 de Dades<\/li>\n<\/ul>\n<p><strong>Com podeu exercir els vostres drets en relaci\u00f3 a les vostres dades?<\/strong><\/p>\n<p>Per a l&#8217;exercici dels vostres drets d&#8217;acc\u00e9s, rectificaci\u00f3, supressi\u00f3, limitaci\u00f3 o oposici\u00f3, portabilitat i retirada del vostre consentiment, podeu fer-ho de la manera seg\u00fcent:<\/p>\n<p><strong>CONSULTES P\u00c0GINA WEB  <\/strong><\/p>\n<ul>\n<li><strong>Responsable:<\/strong> BORONATIC SA<\/li>\n<li><strong>Adre\u00e7a:<\/strong> CARRER CAN TUXANS 9 POLIGON INDUSTRIAL CAN MILANS. 08110, MONTCADA I REIXAC (Barcelona), Espanya <\/li>\n<li><strong>Tel\u00e8fon:<\/strong> 935651900<\/li>\n<li><strong>E-mail:<\/strong> mbadia@boronatic.com<\/li>\n<li><strong>P\u00e0gina web:<\/strong> https:\/\/boronatic.com\/<\/li>\n<\/ul>\n<p><strong>Com pot presentar una reclamaci\u00f3?<\/strong><\/p>\n<p>A m\u00e9s dels drets que us assisteixen, si creieu que les vostres dades no s&#8217;estan demanant o tractant d&#8217;acord amb la normativa vigent de Protecci\u00f3 de Dades, podreu realitzar una reclamaci\u00f3 davant l&#8217;Autoritat de Control, les dades de contacte de les quals indiquem a continuaci\u00f3:<\/p>\n<p><strong>Ag\u00e8ncia Espanyola de Protecci\u00f3 de Dades<\/strong><br \/>\n C\/. Jorge Juan, 6. 28001, Madrid (Madrid), Espanya Email: info@agpd.es \u2013 Tel\u00e8fon: 912663517<br \/>\n Web: https:\/\/www.agpd.es  <\/p>\n<h3><strong>LLEI APLICABLE I JURISDICI\u00d3<\/strong><\/h3>\n<p>La llei aplicable en cas de disputa o conflicte dinterpretaci\u00f3 dels termes que conformen aquest Av\u00eds Legal, aix\u00ed com qualsevol q\u00fcesti\u00f3 relacionada amb els serveis del present Portal, ser\u00e0 la llei espanyola.<\/p>\n<p>Per a la resoluci\u00f3 de qualsevol conflicte que pugui sorgir en ocasi\u00f3 de la visita al lloc web o de l&#8217;\u00fas dels serveis que s&#8217;hi puguin oferir, BORONATIC i l&#8217;Usuari acorden sotmetre&#8217;s als Jutges i Tribunals de domicili de l&#8217;Usuari, sempre que estigui situat en territori espanyol i actu\u00ef en condici\u00f3 de consumidor. En cas contrari, la submissi\u00f3 ser\u00e0 als jutjats i als tribunals de la ciutat de Barcelona, \u200b\u200bEspanya. <\/p>\n","protected":false},"excerpt":{"rendered":"<p>Av\u00eds legal En compliment amb el que estableix la Llei 34\/2002 d&#8217;11 de juliol, de Serveis de la Societat de la Informaci\u00f3 i el Comer\u00e7 Electr\u00f2nic (LSSICE), s&#8217;informa dels aspectes legals seg\u00fcents: PROPIETAT DEL LLOC WEB Responsable: BORONATIC SA Nom comercial: BORONATIC NIF: CIF A60915428 Adre\u00e7a: CARRER CAN TUXANS 9 POLIGON INDUSTRIAL CAN MILANS. 08110,&#8230;<\/p>\n","protected":false},"author":1,"featured_media":0,"parent":0,"menu_order":0,"comment_status":"closed","ping_status":"closed","template":"","meta":{"footnotes":""},"class_list":["post-1499","page","type-page","status-publish","hentry"],"yoast_head":"<!-- This site is optimized with the Yoast SEO plugin v24.7 - https:\/\/yoast.com\/wordpress\/plugins\/seo\/ -->\n<title>Av\u00eds legal | Boronatic<\/title>\n<meta name=\"robots\" content=\"index, follow, max-snippet:-1, max-image-preview:large, max-video-preview:-1\" \/>\n<link rel=\"canonical\" href=\"https:\/\/boronatic.com\/aviso-legal\/\" \/>\n<meta property=\"og:locale\" content=\"ca_ES\" \/>\n<meta property=\"og:type\" content=\"article\" \/>\n<meta property=\"og:title\" content=\"Av\u00eds legal | Boronatic\" \/>\n<meta property=\"og:description\" content=\"Av\u00eds legal En compliment amb el que estableix la Llei 34\/2002 d&#8217;11 de juliol, de Serveis de la Societat de la Informaci\u00f3 i el Comer\u00e7 Electr\u00f2nic (LSSICE), s&#8217;informa dels aspectes legals seg\u00fcents: PROPIETAT DEL LLOC WEB Responsable: BORONATIC SA Nom comercial: BORONATIC NIF: CIF A60915428 Adre\u00e7a: CARRER CAN TUXANS 9 POLIGON INDUSTRIAL CAN MILANS. 08110,...\" \/>\n<meta property=\"og:url\" content=\"https:\/\/boronatic.com\/aviso-legal\/\" \/>\n<meta property=\"og:site_name\" content=\"Boronatic\" \/>\n<meta name=\"twitter:card\" content=\"summary_large_image\" \/>\n<meta name=\"twitter:label1\" content=\"Temps estimat de lectura\" \/>\n\t<meta name=\"twitter:data1\" content=\"9 minuts\" \/>\n<script type=\"application\/ld+json\" class=\"yoast-schema-graph\">{\"@context\":\"https:\/\/schema.org\",\"@graph\":[{\"@type\":\"WebPage\",\"@id\":\"https:\/\/boronatic.com\/aviso-legal\/\",\"url\":\"https:\/\/boronatic.com\/aviso-legal\/\",\"name\":\"Av\u00eds legal | Boronatic\",\"isPartOf\":{\"@id\":\"https:\/\/boronatic.com\/#website\"},\"datePublished\":\"2025-03-25T14:01:28+00:00\",\"breadcrumb\":{\"@id\":\"https:\/\/boronatic.com\/aviso-legal\/#breadcrumb\"},\"inLanguage\":\"ca\",\"potentialAction\":[{\"@type\":\"ReadAction\",\"target\":[\"https:\/\/boronatic.com\/aviso-legal\/\"]}]},{\"@type\":\"BreadcrumbList\",\"@id\":\"https:\/\/boronatic.com\/aviso-legal\/#breadcrumb\",\"itemListElement\":[{\"@type\":\"ListItem\",\"position\":1,\"name\":\"Portada\",\"item\":\"https:\/\/boronatic.com\/ca\/inici\/\"},{\"@type\":\"ListItem\",\"position\":2,\"name\":\"Av\u00eds legal\"}]},{\"@type\":\"WebSite\",\"@id\":\"https:\/\/boronatic.com\/#website\",\"url\":\"https:\/\/boronatic.com\/\",\"name\":\"Boronatic\",\"description\":\"Fabricaci\u00f3n de etiquetas autoadhesivas\",\"publisher\":{\"@id\":\"https:\/\/boronatic.com\/#organization\"},\"potentialAction\":[{\"@type\":\"SearchAction\",\"target\":{\"@type\":\"EntryPoint\",\"urlTemplate\":\"https:\/\/boronatic.com\/?s={search_term_string}\"},\"query-input\":{\"@type\":\"PropertyValueSpecification\",\"valueRequired\":true,\"valueName\":\"search_term_string\"}}],\"inLanguage\":\"ca\"},{\"@type\":\"Organization\",\"@id\":\"https:\/\/boronatic.com\/#organization\",\"name\":\"Boronatic\",\"url\":\"https:\/\/boronatic.com\/\",\"logo\":{\"@type\":\"ImageObject\",\"inLanguage\":\"ca\",\"@id\":\"https:\/\/boronatic.com\/#\/schema\/logo\/image\/\",\"url\":\"http:\/\/boronatic.com\/wp-content\/uploads\/2025\/02\/logo-boronatic-web.svg\",\"contentUrl\":\"http:\/\/boronatic.com\/wp-content\/uploads\/2025\/02\/logo-boronatic-web.svg\",\"width\":\"1024\",\"height\":\"1024\",\"caption\":\"Boronatic\"},\"image\":{\"@id\":\"https:\/\/boronatic.com\/#\/schema\/logo\/image\/\"},\"sameAs\":[\"https:\/\/www.instagram.com\/boronatic\/\",\"https:\/\/www.linkedin.com\/company\/boronatic\/\"]}]}<\/script>\n<!-- \/ Yoast SEO plugin. -->","yoast_head_json":{"title":"Av\u00eds legal | Boronatic","robots":{"index":"index","follow":"follow","max-snippet":"max-snippet:-1","max-image-preview":"max-image-preview:large","max-video-preview":"max-video-preview:-1"},"canonical":"https:\/\/boronatic.com\/aviso-legal\/","og_locale":"ca_ES","og_type":"article","og_title":"Av\u00eds legal | Boronatic","og_description":"Av\u00eds legal En compliment amb el que estableix la Llei 34\/2002 d&#8217;11 de juliol, de Serveis de la Societat de la Informaci\u00f3 i el Comer\u00e7 Electr\u00f2nic (LSSICE), s&#8217;informa dels aspectes legals seg\u00fcents: PROPIETAT DEL LLOC WEB Responsable: BORONATIC SA Nom comercial: BORONATIC NIF: CIF A60915428 Adre\u00e7a: CARRER CAN TUXANS 9 POLIGON INDUSTRIAL CAN MILANS. 08110,...","og_url":"https:\/\/boronatic.com\/aviso-legal\/","og_site_name":"Boronatic","twitter_card":"summary_large_image","twitter_misc":{"Temps estimat de lectura":"9 minuts"},"schema":{"@context":"https:\/\/schema.org","@graph":[{"@type":"WebPage","@id":"https:\/\/boronatic.com\/aviso-legal\/","url":"https:\/\/boronatic.com\/aviso-legal\/","name":"Av\u00eds legal | Boronatic","isPartOf":{"@id":"https:\/\/boronatic.com\/#website"},"datePublished":"2025-03-25T14:01:28+00:00","breadcrumb":{"@id":"https:\/\/boronatic.com\/aviso-legal\/#breadcrumb"},"inLanguage":"ca","potentialAction":[{"@type":"ReadAction","target":["https:\/\/boronatic.com\/aviso-legal\/"]}]},{"@type":"BreadcrumbList","@id":"https:\/\/boronatic.com\/aviso-legal\/#breadcrumb","itemListElement":[{"@type":"ListItem","position":1,"name":"Portada","item":"https:\/\/boronatic.com\/ca\/inici\/"},{"@type":"ListItem","position":2,"name":"Av\u00eds legal"}]},{"@type":"WebSite","@id":"https:\/\/boronatic.com\/#website","url":"https:\/\/boronatic.com\/","name":"Boronatic","description":"Fabricaci\u00f3n de etiquetas autoadhesivas","publisher":{"@id":"https:\/\/boronatic.com\/#organization"},"potentialAction":[{"@type":"SearchAction","target":{"@type":"EntryPoint","urlTemplate":"https:\/\/boronatic.com\/?s={search_term_string}"},"query-input":{"@type":"PropertyValueSpecification","valueRequired":true,"valueName":"search_term_string"}}],"inLanguage":"ca"},{"@type":"Organization","@id":"https:\/\/boronatic.com\/#organization","name":"Boronatic","url":"https:\/\/boronatic.com\/","logo":{"@type":"ImageObject","inLanguage":"ca","@id":"https:\/\/boronatic.com\/#\/schema\/logo\/image\/","url":"http:\/\/boronatic.com\/wp-content\/uploads\/2025\/02\/logo-boronatic-web.svg","contentUrl":"http:\/\/boronatic.com\/wp-content\/uploads\/2025\/02\/logo-boronatic-web.svg","width":"1024","height":"1024","caption":"Boronatic"},"image":{"@id":"https:\/\/boronatic.com\/#\/schema\/logo\/image\/"},"sameAs":["https:\/\/www.instagram.com\/boronatic\/","https:\/\/www.linkedin.com\/company\/boronatic\/"]}]}},"_links":{"self":[{"href":"https:\/\/boronatic.com\/ca\/wp-json\/wp\/v2\/pages\/1499","targetHints":{"allow":["GET"]}}],"collection":[{"href":"https:\/\/boronatic.com\/ca\/wp-json\/wp\/v2\/pages"}],"about":[{"href":"https:\/\/boronatic.com\/ca\/wp-json\/wp\/v2\/types\/page"}],"author":[{"embeddable":true,"href":"https:\/\/boronatic.com\/ca\/wp-json\/wp\/v2\/users\/1"}],"replies":[{"embeddable":true,"href":"https:\/\/boronatic.com\/ca\/wp-json\/wp\/v2\/comments?post=1499"}],"version-history":[{"count":0,"href":"https:\/\/boronatic.com\/ca\/wp-json\/wp\/v2\/pages\/1499\/revisions"}],"wp:attachment":[{"href":"https:\/\/boronatic.com\/ca\/wp-json\/wp\/v2\/media?parent=1499"}],"curies":[{"name":"wp","href":"https:\/\/api.w.org\/{rel}","templated":true}]}}