{"id":1501,"date":"2025-03-25T14:02:28","date_gmt":"2025-03-25T14:02:28","guid":{"rendered":"http:\/\/boronatic.com\/politica-de-cadena-de-custodia-fsc\/"},"modified":"2025-05-08T12:24:03","modified_gmt":"2025-05-08T12:24:03","slug":"politica-de-cadena-de-custodia-fsc","status":"publish","type":"page","link":"https:\/\/boronatic.com\/ca\/politica-de-cadena-de-custodia-fsc\/","title":{"rendered":"Pol\u00edtica de Cadena de Cust\u00f2dia, FSC\u00ae"},"content":{"rendered":"<section class=\"l-section wpb_row height_medium\"><div class=\"l-section-h i-cf\"><div class=\"g-cols vc_row via_grid cols_1 laptops-cols_inherit tablets-cols_inherit mobiles-cols_1 valign_top type_default stacking_default\"><div class=\"wpb_column vc_column_container\"><div class=\"vc_column-inner\"><div class=\"wpb_text_column us_custom_432d3f53\"><div class=\"wpb_wrapper\"><h1>Pol\u00edtica de Cadena de Cust\u00f2dia, FSC\u00ae<\/h1>\n<p>Des de la Direcci\u00f3 de BORONATIC SA s&#8217;assumeix el comprom\u00eds de promoure la Gesti\u00f3 Forestal Responsable i la Cadena de Cust\u00f2dia FSC.<\/p>\n<p>La implantaci\u00f3 d&#8217;un sistema de cadena de cust\u00f2dia permet garantir la protecci\u00f3 ambiental dels boscos i assegurar, mitjan\u00e7ant el control a les etapes del proc\u00e9s, que els productes que subministrem als nostres clients s\u00f3n respectuosos amb el medi ambient.<\/p>\n<p>La Direcci\u00f3 assumeix el comprom\u00eds de gestionar el control, el seguiment i la manipulaci\u00f3 per obtenir la Certificaci\u00f3 de Cadena de Cust\u00f2dia d&#8217;acord amb els est\u00e0ndards de Certificaci\u00f3 del FSC per tal de promoure la gesti\u00f3 forestal responsable i garantir la protecci\u00f3 ambiental dels boscos.<\/p>\n<p>BORONATIC es compromet a vetllar per la salut i la seguretat laboral.<\/p>\n<p>BORONATIC tamb\u00e9 es compromet amb els valors del FSC d&#8217;acord amb all\u00f2 definit a la pol\u00edtica FSC-POL-01-004, no estant l&#8217;organitzaci\u00f3 directament o indirectament involucrada en les seg\u00fcents activitats:<\/p>\n<ol type=\"a\">\n<li>Tala il\u00b7legal o comer\u00e7 de fusta o productes forestals il\u00b7legals.<\/li>\n<li>Violaci\u00f3 dels drets tradicionals i humans en les operacions silv\u00edcoles.<\/li>\n<li>Destrucci\u00f3 d&#8217;alts valors de conservaci\u00f3 a les operacions silv\u00edcoles.<\/li>\n<li>Conversi\u00f3 significativa de boscos a plantacions o altres usos.<\/li>\n<li>Introducci\u00f3 d&#8217;organismes gen\u00e8ticament modificats a les operacions silv\u00edcoles.<\/li>\n<li>Violaci\u00f3 de qualsevol dels Convenis Fonamentals de l&#8217;OIT, tal com estan definits a la Declaraci\u00f3 de l&#8217;OIT relativa als Principis i Drets Fonamentals en el Treball, 1998.<\/li>\n<li>Violaci\u00f3 dels Requisits fonamentals del FSC\u00ae recollits a continuaci\u00f3:\n<ul>\n<li>No utilitzeu m\u00e0 d&#8217;obra infantil<\/li>\n<li>Eliminar tota forma de treball for\u00e7\u00f3s<\/li>\n<li>Assegurar que no hi hagi discriminaci\u00f3 a l&#8217;ocupaci\u00f3 i l&#8217;ocupaci\u00f3<\/li>\n<li>Respectar la llibertat sindical i el dret efectiu a la negociaci\u00f3 col\u00b7lectiva<\/li>\n<\/ul>\n<\/li>\n<\/ol>\n<p>BORONATIC es compromet aix\u00ed mateix a facilitar tots els recursos materials i humans que siguin necessaris per complir amb les esmentades metes.<\/p>\n<p>Codi de certificaci\u00f3 de Cadena de Cust\u00f2dia: SGSCH-COC-060312<br \/>\nCodi de llic\u00e8ncia FSC: (FSC-C141342)<\/p>\n<p>Rosa Conca<br \/>\n<em>Direcci\u00f3 General<\/em><br \/>\n16 de mar\u00e7 de 2023<\/p>\n<\/div><\/div><\/div><\/div><\/div><\/div><\/section>\n","protected":false},"excerpt":{"rendered":"","protected":false},"author":1,"featured_media":0,"parent":0,"menu_order":0,"comment_status":"closed","ping_status":"closed","template":"","meta":{"footnotes":""},"class_list":["post-1501","page","type-page","status-publish","hentry"],"yoast_head":"<!-- This site is optimized with the Yoast SEO plugin v24.7 - https:\/\/yoast.com\/wordpress\/plugins\/seo\/ -->\n<title>Pol\u00edtica de Cadena de Cust\u00f2dia, FSC\u00ae | Boronatic<\/title>\n<meta name=\"robots\" content=\"index, follow, max-snippet:-1, max-image-preview:large, max-video-preview:-1\" \/>\n<link rel=\"canonical\" href=\"https:\/\/boronatic.com\/ca\/politica-de-cadena-de-custodia-fsc\/\" \/>\n<meta property=\"og:locale\" content=\"ca_ES\" \/>\n<meta property=\"og:type\" content=\"article\" \/>\n<meta property=\"og:title\" content=\"Pol\u00edtica de Cadena de Cust\u00f2dia, FSC\u00ae | Boronatic\" \/>\n<meta property=\"og:url\" content=\"https:\/\/boronatic.com\/ca\/politica-de-cadena-de-custodia-fsc\/\" \/>\n<meta property=\"og:site_name\" content=\"Boronatic\" \/>\n<meta property=\"article:modified_time\" content=\"2025-05-08T12:24:03+00:00\" \/>\n<meta name=\"twitter:card\" content=\"summary_large_image\" \/>\n<meta name=\"twitter:label1\" content=\"Temps estimat de lectura\" \/>\n\t<meta name=\"twitter:data1\" content=\"2 minuts\" \/>\n<script type=\"application\/ld+json\" class=\"yoast-schema-graph\">{\"@context\":\"https:\/\/schema.org\",\"@graph\":[{\"@type\":\"WebPage\",\"@id\":\"https:\/\/boronatic.com\/ca\/politica-de-cadena-de-custodia-fsc\/\",\"url\":\"https:\/\/boronatic.com\/ca\/politica-de-cadena-de-custodia-fsc\/\",\"name\":\"Pol\u00edtica de Cadena de Cust\u00f2dia, FSC\u00ae | Boronatic\",\"isPartOf\":{\"@id\":\"https:\/\/boronatic.com\/#website\"},\"datePublished\":\"2025-03-25T14:02:28+00:00\",\"dateModified\":\"2025-05-08T12:24:03+00:00\",\"breadcrumb\":{\"@id\":\"https:\/\/boronatic.com\/ca\/politica-de-cadena-de-custodia-fsc\/#breadcrumb\"},\"inLanguage\":\"ca\",\"potentialAction\":[{\"@type\":\"ReadAction\",\"target\":[\"https:\/\/boronatic.com\/ca\/politica-de-cadena-de-custodia-fsc\/\"]}]},{\"@type\":\"BreadcrumbList\",\"@id\":\"https:\/\/boronatic.com\/ca\/politica-de-cadena-de-custodia-fsc\/#breadcrumb\",\"itemListElement\":[{\"@type\":\"ListItem\",\"position\":1,\"name\":\"Portada\",\"item\":\"https:\/\/boronatic.com\/ca\/inici\/\"},{\"@type\":\"ListItem\",\"position\":2,\"name\":\"Pol\u00edtica de Cadena de Cust\u00f2dia, FSC\u00ae\"}]},{\"@type\":\"WebSite\",\"@id\":\"https:\/\/boronatic.com\/#website\",\"url\":\"https:\/\/boronatic.com\/\",\"name\":\"Boronatic\",\"description\":\"Fabricaci\u00f3n de etiquetas autoadhesivas\",\"publisher\":{\"@id\":\"https:\/\/boronatic.com\/#organization\"},\"potentialAction\":[{\"@type\":\"SearchAction\",\"target\":{\"@type\":\"EntryPoint\",\"urlTemplate\":\"https:\/\/boronatic.com\/?s={search_term_string}\"},\"query-input\":{\"@type\":\"PropertyValueSpecification\",\"valueRequired\":true,\"valueName\":\"search_term_string\"}}],\"inLanguage\":\"ca\"},{\"@type\":\"Organization\",\"@id\":\"https:\/\/boronatic.com\/#organization\",\"name\":\"Boronatic\",\"url\":\"https:\/\/boronatic.com\/\",\"logo\":{\"@type\":\"ImageObject\",\"inLanguage\":\"ca\",\"@id\":\"https:\/\/boronatic.com\/#\/schema\/logo\/image\/\",\"url\":\"http:\/\/boronatic.com\/wp-content\/uploads\/2025\/02\/logo-boronatic-web.svg\",\"contentUrl\":\"http:\/\/boronatic.com\/wp-content\/uploads\/2025\/02\/logo-boronatic-web.svg\",\"width\":\"1024\",\"height\":\"1024\",\"caption\":\"Boronatic\"},\"image\":{\"@id\":\"https:\/\/boronatic.com\/#\/schema\/logo\/image\/\"},\"sameAs\":[\"https:\/\/www.instagram.com\/boronatic\/\",\"https:\/\/www.linkedin.com\/company\/boronatic\/\"]}]}<\/script>\n<!-- \/ Yoast SEO plugin. -->","yoast_head_json":{"title":"Pol\u00edtica de Cadena de Cust\u00f2dia, FSC\u00ae | Boronatic","robots":{"index":"index","follow":"follow","max-snippet":"max-snippet:-1","max-image-preview":"max-image-preview:large","max-video-preview":"max-video-preview:-1"},"canonical":"https:\/\/boronatic.com\/ca\/politica-de-cadena-de-custodia-fsc\/","og_locale":"ca_ES","og_type":"article","og_title":"Pol\u00edtica de Cadena de Cust\u00f2dia, FSC\u00ae | Boronatic","og_url":"https:\/\/boronatic.com\/ca\/politica-de-cadena-de-custodia-fsc\/","og_site_name":"Boronatic","article_modified_time":"2025-05-08T12:24:03+00:00","twitter_card":"summary_large_image","twitter_misc":{"Temps estimat de lectura":"2 minuts"},"schema":{"@context":"https:\/\/schema.org","@graph":[{"@type":"WebPage","@id":"https:\/\/boronatic.com\/ca\/politica-de-cadena-de-custodia-fsc\/","url":"https:\/\/boronatic.com\/ca\/politica-de-cadena-de-custodia-fsc\/","name":"Pol\u00edtica de Cadena de Cust\u00f2dia, FSC\u00ae | Boronatic","isPartOf":{"@id":"https:\/\/boronatic.com\/#website"},"datePublished":"2025-03-25T14:02:28+00:00","dateModified":"2025-05-08T12:24:03+00:00","breadcrumb":{"@id":"https:\/\/boronatic.com\/ca\/politica-de-cadena-de-custodia-fsc\/#breadcrumb"},"inLanguage":"ca","potentialAction":[{"@type":"ReadAction","target":["https:\/\/boronatic.com\/ca\/politica-de-cadena-de-custodia-fsc\/"]}]},{"@type":"BreadcrumbList","@id":"https:\/\/boronatic.com\/ca\/politica-de-cadena-de-custodia-fsc\/#breadcrumb","itemListElement":[{"@type":"ListItem","position":1,"name":"Portada","item":"https:\/\/boronatic.com\/ca\/inici\/"},{"@type":"ListItem","position":2,"name":"Pol\u00edtica de Cadena de Cust\u00f2dia, FSC\u00ae"}]},{"@type":"WebSite","@id":"https:\/\/boronatic.com\/#website","url":"https:\/\/boronatic.com\/","name":"Boronatic","description":"Fabricaci\u00f3n de etiquetas autoadhesivas","publisher":{"@id":"https:\/\/boronatic.com\/#organization"},"potentialAction":[{"@type":"SearchAction","target":{"@type":"EntryPoint","urlTemplate":"https:\/\/boronatic.com\/?s={search_term_string}"},"query-input":{"@type":"PropertyValueSpecification","valueRequired":true,"valueName":"search_term_string"}}],"inLanguage":"ca"},{"@type":"Organization","@id":"https:\/\/boronatic.com\/#organization","name":"Boronatic","url":"https:\/\/boronatic.com\/","logo":{"@type":"ImageObject","inLanguage":"ca","@id":"https:\/\/boronatic.com\/#\/schema\/logo\/image\/","url":"http:\/\/boronatic.com\/wp-content\/uploads\/2025\/02\/logo-boronatic-web.svg","contentUrl":"http:\/\/boronatic.com\/wp-content\/uploads\/2025\/02\/logo-boronatic-web.svg","width":"1024","height":"1024","caption":"Boronatic"},"image":{"@id":"https:\/\/boronatic.com\/#\/schema\/logo\/image\/"},"sameAs":["https:\/\/www.instagram.com\/boronatic\/","https:\/\/www.linkedin.com\/company\/boronatic\/"]}]}},"_links":{"self":[{"href":"https:\/\/boronatic.com\/ca\/wp-json\/wp\/v2\/pages\/1501","targetHints":{"allow":["GET"]}}],"collection":[{"href":"https:\/\/boronatic.com\/ca\/wp-json\/wp\/v2\/pages"}],"about":[{"href":"https:\/\/boronatic.com\/ca\/wp-json\/wp\/v2\/types\/page"}],"author":[{"embeddable":true,"href":"https:\/\/boronatic.com\/ca\/wp-json\/wp\/v2\/users\/1"}],"replies":[{"embeddable":true,"href":"https:\/\/boronatic.com\/ca\/wp-json\/wp\/v2\/comments?post=1501"}],"version-history":[{"count":3,"href":"https:\/\/boronatic.com\/ca\/wp-json\/wp\/v2\/pages\/1501\/revisions"}],"predecessor-version":[{"id":1636,"href":"https:\/\/boronatic.com\/ca\/wp-json\/wp\/v2\/pages\/1501\/revisions\/1636"}],"wp:attachment":[{"href":"https:\/\/boronatic.com\/ca\/wp-json\/wp\/v2\/media?parent=1501"}],"curies":[{"name":"wp","href":"https:\/\/api.w.org\/{rel}","templated":true}]}}