{"id":1503,"date":"2025-03-25T14:01:54","date_gmt":"2025-03-25T14:01:54","guid":{"rendered":"http:\/\/boronatic.com\/politica-de-qualitat\/"},"modified":"2025-03-25T14:01:54","modified_gmt":"2025-03-25T14:01:54","slug":"politica-de-qualitat","status":"publish","type":"page","link":"https:\/\/boronatic.com\/ca\/politica-de-qualitat\/","title":{"rendered":"Pol\u00edtica de Qualitat"},"content":{"rendered":"<h1>Pol\u00edtica de Qualitat<\/h1>\n<p><b>ABAST:  <\/b><\/p>\n<p><b><i>BORONATIC, SA<\/i><\/b> <span>\u00e9s una empresa dedicada a la fabricaci\u00f3 i impressi\u00f3 de tota mena d&#8217;etiquetes autoadhesives en continu amb una experi\u00e8ncia al sector de les arts gr\u00e0fiques de m\u00e9s de 20 anys. La seva orientaci\u00f3 estrat\u00e8gica la planteja dacord amb el Context de lorganitzaci\u00f3, lan\u00e0lisi de Riscos i Oportunitats aix\u00ed com amb lobservan\u00e7a de les expectatives de les Parts Interessades <\/span><\/p>\n<p><span>L&#8217;organitzaci\u00f3 BORONATIC, SA t\u00e9 com a objectiu que la Qualitat del producte i serveis que ofereix satisfacin plenament les expectatives de cada client, assegurant aix\u00ed l&#8217;\u00e8xit a llarg termini i continu\u00eftat de l&#8217;empresa.  <\/span><\/p>\n<p><span>Per aix\u00f2 estableix, declara i assumeix els compromisos seg\u00fcents:<\/span><\/p>\n<ul>\n<li><b>La qualitat<\/b> <b>final<\/b> <span>del producte lliurat al client \u00e9s el resultat de les accions planificades i sistem\u00e0tiques de prevenci\u00f3, detecci\u00f3, correcci\u00f3 i millora cont\u00ednua durant tot el cicle del producte.<\/span><\/li>\n<\/ul>\n<ul>\n<li><b>Els Requisits<\/b> <span>contractuals, els dissenys i les expectatives dels clients s\u00f3n el principal criteri per establir el patr\u00f3 de Qualitat dels nostres productes i serveis.<\/span><\/li>\n<\/ul>\n<ul>\n<li><b>Les especificacions<\/b> <span>que seran posades a disposici\u00f3 de tot el personal que interv\u00e9 en el proc\u00e9s productiu, estaran basades en els requisits de la qualitat i exig\u00e8ncies contractuals dels nostres clients.<\/span><\/li>\n<\/ul>\n<ul>\n<li><b>La Integraci\u00f3 Activa<\/b><span>  de tot l&#8217;equip hum\u00e0 de l&#8217;empresa per aplicar aquesta pol\u00edtica assumint el concepte de Client i Prove\u00efdor Intern. Per aconseguir-ho, la Direcci\u00f3 considera priorit\u00e0ries la motivaci\u00f3 i la formaci\u00f3 per a la Qualitat. <\/span><\/li>\n<\/ul>\n<ul>\n<li><b>La Responsabilitat Individual  <\/b><span>de cada empleat de BORONATIC, SA enfocada a l&#8217;Excel\u00b7l\u00e8ncia. La Direcci\u00f3 de Qualitat es responsabilitza d&#8217;impulsar la implantaci\u00f3 de la pol\u00edtica i els objectius de Qualitat, comprovant-ne l&#8217;execuci\u00f3 mitjan\u00e7ant un seguiment continuat i amb les auditories practicades peri\u00f2dicament. <\/span><\/li>\n<\/ul>\n<p><span>Tot el personal de l&#8217;empresa t\u00e9 assumit com a propi l&#8217;objectiu principal de l&#8217;empresa, vetllant constantment pel seu compliment i ha d&#8217;informar immediatament el responsable de qualitat de qualsevol incid\u00e8ncia que li dificulti o posi en perill l&#8217;obtenci\u00f3 d&#8217;aquest.<\/span><\/p>\n<p><span>Rosa Conca<\/span><\/p>\n<p><i><span>Gerent<\/span><\/i><\/p>\n<p><span>Montcada i Reixac, 28 de juny de 2017-rev.1  <\/span><\/p>\n","protected":false},"excerpt":{"rendered":"<p>Pol\u00edtica de Qualitat ABAST: BORONATIC, SA \u00e9s una empresa dedicada a la fabricaci\u00f3 i impressi\u00f3 de tota mena d&#8217;etiquetes autoadhesives en continu amb una experi\u00e8ncia al sector de les arts gr\u00e0fiques de m\u00e9s de 20 anys. La seva orientaci\u00f3 estrat\u00e8gica la planteja dacord amb el Context de lorganitzaci\u00f3, lan\u00e0lisi de Riscos i Oportunitats aix\u00ed com&#8230;<\/p>\n","protected":false},"author":1,"featured_media":0,"parent":0,"menu_order":0,"comment_status":"closed","ping_status":"closed","template":"","meta":{"footnotes":""},"class_list":["post-1503","page","type-page","status-publish","hentry"],"yoast_head":"<!-- This site is optimized with the Yoast SEO plugin v24.7 - https:\/\/yoast.com\/wordpress\/plugins\/seo\/ -->\n<title>Pol\u00edtica de Qualitat | Boronatic<\/title>\n<meta name=\"robots\" content=\"index, follow, max-snippet:-1, max-image-preview:large, max-video-preview:-1\" \/>\n<link rel=\"canonical\" href=\"https:\/\/boronatic.com\/politica-de-calidad\/\" \/>\n<meta property=\"og:locale\" content=\"ca_ES\" \/>\n<meta property=\"og:type\" content=\"article\" \/>\n<meta property=\"og:title\" content=\"Pol\u00edtica de Qualitat | Boronatic\" \/>\n<meta property=\"og:description\" content=\"Pol\u00edtica de Qualitat ABAST: BORONATIC, SA \u00e9s una empresa dedicada a la fabricaci\u00f3 i impressi\u00f3 de tota mena d&#8217;etiquetes autoadhesives en continu amb una experi\u00e8ncia al sector de les arts gr\u00e0fiques de m\u00e9s de 20 anys. La seva orientaci\u00f3 estrat\u00e8gica la planteja dacord amb el Context de lorganitzaci\u00f3, lan\u00e0lisi de Riscos i Oportunitats aix\u00ed com...\" \/>\n<meta property=\"og:url\" content=\"https:\/\/boronatic.com\/politica-de-calidad\/\" \/>\n<meta property=\"og:site_name\" content=\"Boronatic\" \/>\n<meta name=\"twitter:card\" content=\"summary_large_image\" \/>\n<meta name=\"twitter:label1\" content=\"Temps estimat de lectura\" \/>\n\t<meta name=\"twitter:data1\" content=\"2 minuts\" \/>\n<script type=\"application\/ld+json\" class=\"yoast-schema-graph\">{\"@context\":\"https:\/\/schema.org\",\"@graph\":[{\"@type\":\"WebPage\",\"@id\":\"https:\/\/boronatic.com\/politica-de-calidad\/\",\"url\":\"https:\/\/boronatic.com\/politica-de-calidad\/\",\"name\":\"Pol\u00edtica de Qualitat | Boronatic\",\"isPartOf\":{\"@id\":\"https:\/\/boronatic.com\/#website\"},\"datePublished\":\"2025-03-25T14:01:54+00:00\",\"breadcrumb\":{\"@id\":\"https:\/\/boronatic.com\/politica-de-calidad\/#breadcrumb\"},\"inLanguage\":\"ca\",\"potentialAction\":[{\"@type\":\"ReadAction\",\"target\":[\"https:\/\/boronatic.com\/politica-de-calidad\/\"]}]},{\"@type\":\"BreadcrumbList\",\"@id\":\"https:\/\/boronatic.com\/politica-de-calidad\/#breadcrumb\",\"itemListElement\":[{\"@type\":\"ListItem\",\"position\":1,\"name\":\"Portada\",\"item\":\"https:\/\/boronatic.com\/ca\/inici\/\"},{\"@type\":\"ListItem\",\"position\":2,\"name\":\"Pol\u00edtica de Qualitat\"}]},{\"@type\":\"WebSite\",\"@id\":\"https:\/\/boronatic.com\/#website\",\"url\":\"https:\/\/boronatic.com\/\",\"name\":\"Boronatic\",\"description\":\"Fabricaci\u00f3n de etiquetas autoadhesivas\",\"publisher\":{\"@id\":\"https:\/\/boronatic.com\/#organization\"},\"potentialAction\":[{\"@type\":\"SearchAction\",\"target\":{\"@type\":\"EntryPoint\",\"urlTemplate\":\"https:\/\/boronatic.com\/?s={search_term_string}\"},\"query-input\":{\"@type\":\"PropertyValueSpecification\",\"valueRequired\":true,\"valueName\":\"search_term_string\"}}],\"inLanguage\":\"ca\"},{\"@type\":\"Organization\",\"@id\":\"https:\/\/boronatic.com\/#organization\",\"name\":\"Boronatic\",\"url\":\"https:\/\/boronatic.com\/\",\"logo\":{\"@type\":\"ImageObject\",\"inLanguage\":\"ca\",\"@id\":\"https:\/\/boronatic.com\/#\/schema\/logo\/image\/\",\"url\":\"http:\/\/boronatic.com\/wp-content\/uploads\/2025\/02\/logo-boronatic-web.svg\",\"contentUrl\":\"http:\/\/boronatic.com\/wp-content\/uploads\/2025\/02\/logo-boronatic-web.svg\",\"width\":\"1024\",\"height\":\"1024\",\"caption\":\"Boronatic\"},\"image\":{\"@id\":\"https:\/\/boronatic.com\/#\/schema\/logo\/image\/\"},\"sameAs\":[\"https:\/\/www.instagram.com\/boronatic\/\",\"https:\/\/www.linkedin.com\/company\/boronatic\/\"]}]}<\/script>\n<!-- \/ Yoast SEO plugin. -->","yoast_head_json":{"title":"Pol\u00edtica de Qualitat | Boronatic","robots":{"index":"index","follow":"follow","max-snippet":"max-snippet:-1","max-image-preview":"max-image-preview:large","max-video-preview":"max-video-preview:-1"},"canonical":"https:\/\/boronatic.com\/politica-de-calidad\/","og_locale":"ca_ES","og_type":"article","og_title":"Pol\u00edtica de Qualitat | Boronatic","og_description":"Pol\u00edtica de Qualitat ABAST: BORONATIC, SA \u00e9s una empresa dedicada a la fabricaci\u00f3 i impressi\u00f3 de tota mena d&#8217;etiquetes autoadhesives en continu amb una experi\u00e8ncia al sector de les arts gr\u00e0fiques de m\u00e9s de 20 anys. La seva orientaci\u00f3 estrat\u00e8gica la planteja dacord amb el Context de lorganitzaci\u00f3, lan\u00e0lisi de Riscos i Oportunitats aix\u00ed com...","og_url":"https:\/\/boronatic.com\/politica-de-calidad\/","og_site_name":"Boronatic","twitter_card":"summary_large_image","twitter_misc":{"Temps estimat de lectura":"2 minuts"},"schema":{"@context":"https:\/\/schema.org","@graph":[{"@type":"WebPage","@id":"https:\/\/boronatic.com\/politica-de-calidad\/","url":"https:\/\/boronatic.com\/politica-de-calidad\/","name":"Pol\u00edtica de Qualitat | Boronatic","isPartOf":{"@id":"https:\/\/boronatic.com\/#website"},"datePublished":"2025-03-25T14:01:54+00:00","breadcrumb":{"@id":"https:\/\/boronatic.com\/politica-de-calidad\/#breadcrumb"},"inLanguage":"ca","potentialAction":[{"@type":"ReadAction","target":["https:\/\/boronatic.com\/politica-de-calidad\/"]}]},{"@type":"BreadcrumbList","@id":"https:\/\/boronatic.com\/politica-de-calidad\/#breadcrumb","itemListElement":[{"@type":"ListItem","position":1,"name":"Portada","item":"https:\/\/boronatic.com\/ca\/inici\/"},{"@type":"ListItem","position":2,"name":"Pol\u00edtica de Qualitat"}]},{"@type":"WebSite","@id":"https:\/\/boronatic.com\/#website","url":"https:\/\/boronatic.com\/","name":"Boronatic","description":"Fabricaci\u00f3n de etiquetas autoadhesivas","publisher":{"@id":"https:\/\/boronatic.com\/#organization"},"potentialAction":[{"@type":"SearchAction","target":{"@type":"EntryPoint","urlTemplate":"https:\/\/boronatic.com\/?s={search_term_string}"},"query-input":{"@type":"PropertyValueSpecification","valueRequired":true,"valueName":"search_term_string"}}],"inLanguage":"ca"},{"@type":"Organization","@id":"https:\/\/boronatic.com\/#organization","name":"Boronatic","url":"https:\/\/boronatic.com\/","logo":{"@type":"ImageObject","inLanguage":"ca","@id":"https:\/\/boronatic.com\/#\/schema\/logo\/image\/","url":"http:\/\/boronatic.com\/wp-content\/uploads\/2025\/02\/logo-boronatic-web.svg","contentUrl":"http:\/\/boronatic.com\/wp-content\/uploads\/2025\/02\/logo-boronatic-web.svg","width":"1024","height":"1024","caption":"Boronatic"},"image":{"@id":"https:\/\/boronatic.com\/#\/schema\/logo\/image\/"},"sameAs":["https:\/\/www.instagram.com\/boronatic\/","https:\/\/www.linkedin.com\/company\/boronatic\/"]}]}},"_links":{"self":[{"href":"https:\/\/boronatic.com\/ca\/wp-json\/wp\/v2\/pages\/1503","targetHints":{"allow":["GET"]}}],"collection":[{"href":"https:\/\/boronatic.com\/ca\/wp-json\/wp\/v2\/pages"}],"about":[{"href":"https:\/\/boronatic.com\/ca\/wp-json\/wp\/v2\/types\/page"}],"author":[{"embeddable":true,"href":"https:\/\/boronatic.com\/ca\/wp-json\/wp\/v2\/users\/1"}],"replies":[{"embeddable":true,"href":"https:\/\/boronatic.com\/ca\/wp-json\/wp\/v2\/comments?post=1503"}],"version-history":[{"count":0,"href":"https:\/\/boronatic.com\/ca\/wp-json\/wp\/v2\/pages\/1503\/revisions"}],"wp:attachment":[{"href":"https:\/\/boronatic.com\/ca\/wp-json\/wp\/v2\/media?parent=1503"}],"curies":[{"name":"wp","href":"https:\/\/api.w.org\/{rel}","templated":true}]}}