{"id":1505,"date":"2025-03-25T14:02:15","date_gmt":"2025-03-25T14:02:15","guid":{"rendered":"http:\/\/boronatic.com\/politica-de-privadesa\/"},"modified":"2025-03-25T14:31:56","modified_gmt":"2025-03-25T14:31:56","slug":"politica-de-privadesa","status":"publish","type":"page","link":"https:\/\/boronatic.com\/ca\/politica-de-privadesa\/","title":{"rendered":"Pol\u00edtica de Privadesa"},"content":{"rendered":"<h1>Pol\u00edtica de Privadesa<\/h1>\n<p>RESPONSABLE: BORONATIC SA \u2013 CIF A60915428<\/p>\n<p>CONTACTE: CARRER CAN TUXANS 9 POLIGON INDUSTRIAL CAN MILANS \u2013 MONTCADA<br \/>\n I REIXAC (Barcelona) mbadia@boronatic.com \u2013 Tel. 935651900 \u2013 https:\/\/boronatic.com\/<\/p>\n<p>FINALITATS:<\/p>\n<p>FACTURACI\u00d3 AL CLIENT: Gesti\u00f3 de clients\/prove\u00efdors, comptable, fiscal i administrativa<br \/>\n CONTACTE COMERCIAL: M\u00e0rqueting, publicitat i prospecci\u00f3 comercial<br \/>\n RECEPCI\u00d3 DE CURRICULUMS: Altres finalitats<br \/>\n CONSULTES P\u00c0GINA WEB: Gesti\u00f3 de clients potencials i contactes<\/p>\n<p>LEGITIMACI\u00d3:<\/p>\n<p>FACTURACI\u00d3 AL CLIENT: Consentiment expl\u00edcit de l&#8217;interessat; Inter\u00e8s leg\u00edtim del Responsable del Tractament o de tercers<br \/>\n CONTACTE COMERCIAL: Consentiment expl\u00edcit de l&#8217;interessat; Inter\u00e8s leg\u00edtim del Responsable del Tractament o de tercers<br \/>\n RECEPCI\u00d3 DE CURRICULUMS: Consentiment expl\u00edcit de l&#8217;interessat; Inter\u00e8s leg\u00edtim del Responsable del Tractament o de tercers<br \/>\n CONSULTES P\u00c0GINA WEB: Consentiment expl\u00edcit de l&#8217;interessat; Inter\u00e8s leg\u00edtim del Responsable del Tractament o de tercers<\/p>\n<p>DESTINATARIS: No cedim les vostres dades a tercers<\/p>\n<p>TRANSFER\u00c8NCIES INTERNACIONALS: No realitzem transfer\u00e8ncies internacionals de les vostres dades<\/p>\n<p>PROCED\u00c8NCIA:<\/p>\n<p>FACTURACI\u00d3 AL CLIENT<\/p>\n<p>CLIENTS: El mateix interessat o el seu representant legal<\/p>\n<p>CONTACTE COMERCIAL<\/p>\n<p>CLIENTS: El mateix interessat o el seu representant legal<br \/>\n POTENCIALS CLIENTS: El mateix interessat o el seu representant legal<\/p>\n<p>RECEPCI\u00d3 DE CURRICULUMS<\/p>\n<p>POTENCIALS TREBALLADORS: El mateix interessat o el seu representant legal<\/p>\n<p>CONSULTES P\u00c0GINA WEB<\/p>\n<p>POTENCIALS CLIENTS: El mateix interessat o el seu representant legal<\/p>\n<p>DRETS<\/p>\n<p>Vost\u00e8 t\u00e9 dret a accedir a les seves dades, rectificar-les, suprimir-les, limitar o oposar-se al seu tractament, a la seva portabilitat, a retirar-ne el consentiment ia presentar reclamacions davant l&#8217;Autoritat de Control (Ag\u00e8ncia Espanyola de Protecci\u00f3 de Dades). M\u00e9s informaci\u00f3 a la nostra \u201cPol\u00edtica de Privadesa i Protecci\u00f3 de Dades\u201d.<br \/>\n DETALLS DE LA NOSTRA POL\u00cdTICA DE PRIVACITAT<br \/>\n 1.- INFORMACI\u00d3 GENERAL <\/p>\n<p>La present \u201cPol\u00edtica de Privadesa i Protecci\u00f3 de Dades\u201d t\u00e9 com a finalitat donar a con\u00e8ixer les condicions que regeixen la recollida i tractament de les seves dades personals per part de la nostra entitat o grup corporatiu per vetllar pels drets fonamentals, el seu honor i llibertats, tot aix\u00f2 en compliment de les normatives vigents que regulen la Protecci\u00f3 de Dades personals segons la Uni\u00f3 Europea i l&#8217;Estat Membre espanyol.<\/p>\n<p>De conformitat amb aquestes normatives, necessitem disposar de la vostra autoritzaci\u00f3 i consentiment per a la recollida i el tractament de les vostres dades personals, per la qual cosa a continuaci\u00f3, us indiquem tots els detalls del vostre inter\u00e8s respecte a com realitzem aquests processos, amb quines finalitats, que altres entitats podrien tenir acc\u00e9s a les vostres dades i quins s\u00f3n els vostres drets.<\/p>\n<p>Per tot aix\u00f2, una vegada revisada i llegida la nostra Pol\u00edtica de Protecci\u00f3 de Dades, \u00e9s imprescindible que l&#8217;accepti en prova de la seva conformitat i consentiment.<br \/>\n 2.- RESPONSABLE DEL TRACTAMENT<\/p>\n<p>Qui recull i tracta les dades?<\/p>\n<p>El Responsable del Tractament de Dades \u00e9s aquella persona f\u00edsica o jur\u00eddica, de naturalesa p\u00fablica o privada, o \u00f2rgan administratiu, que sol o conjuntament amb altres determini els fins i els mitjans del tractament de dades personals; en cas que els fins i els mitjans del tractament estiguin determinats pel dret de la Uni\u00f3 Europea o de l&#8217;Estat Membre espanyol.<\/p>\n<p>En aquest cas, les nostres dades identificatives com a Responsable del Tractament s\u00f3n les seg\u00fcents: BORONATIC SA \u2013 CIF A60915428<\/p>\n<p>Com podeu contactar amb nosaltres?<\/p>\n<p>Domicili de les nostres oficines:<\/p>\n<p>CARRER CAN TUXANS 9 POLIGON INDUSTRIAL CAN MILANS. 08110, MONTCADA I REIXAC (Barcelona), Espanya <\/p>\n<p>Email: mbadia@boronatic.com \u2013 Tel\u00e8fon: 935651900<\/p>\n<p>Domicili postal:<\/p>\n<p>CARRER CAN TUXANS 9 POLIGON INDUSTRIAL CAN MILANS. 08110, MONTCADA I REIXAC (Barcelona), Espanya<br \/>\n 3.- MESURES DE SEGURETAT <\/p>\n<p>Qu\u00e8 fem per garantir la privadesa de les seves dades?<\/p>\n<p>La nostra entitat o grup corporatiu adopta les mesures organitzatives i t\u00e8cniques necess\u00e0ries per garantir la seguretat i la privadesa de les seves dades, evitar la seva alteraci\u00f3, p\u00e8rdua, tractament o acc\u00e9s no autoritzat, depenent de l&#8217;estat de la tecnologia, la naturalesa de les dades emmagatzemades i els riscos a qu\u00e8 estan exposats.<\/p>\n<p>Entre altres, destaquen les mesures seg\u00fcents:<\/p>\n<p>Garantir la confidencialitat, integritat, disponibilitat i resili\u00e8ncia permanents dels sistemes i serveis de<br \/>\n Restaurar la disponibilitat i l&#8217;acc\u00e9s a les dades personals de manera r\u00e0pida, en cas d&#8217;incident f\u00edsic o t\u00e8cnic.<br \/>\n Verificar, avaluar i valorar, de forma regular, l&#8217;efic\u00e0cia de les mesures t\u00e8cniques i organitzatives implementades per garantir la seguretat del<br \/>\n Seudonimitzar i xifrar les dades personals, en cas que es tracti de dades sensibles.<\/p>\n<p>A m\u00e9s d&#8217;aquestes mesures, amb la intenci\u00f3 de refor\u00e7ar la seguretat i la privadesa, estem adherits a:<br \/>\n 4.- FINALITAT DEL TRACTAMENT<\/p>\n<p>Per qu\u00e8 volem tractar les vostres dades?<\/p>\n<p>Necessitem la seva autoritzaci\u00f3 i consentiment per a demanar i tractar les vostres dades personals, per la qual cosa a continuaci\u00f3 us detallem els usos i finalitats previstes.<\/p>\n<p>FACTURACI\u00d3 AL CLIENT: Gesti\u00f3 de clients\/prove\u00efdors, comptable, fiscal i administrativa<\/p>\n<p>CONTACTE COMERCIAL: M\u00e0rqueting, publicitat i prospecci\u00f3 comercial<\/p>\n<p>RECEPCI\u00d3 DE CURRICULUMS: Altres finalitats<\/p>\n<p>CONSULTES P\u00c0GINA WEB: Gesti\u00f3 de clients potencials i contactes<\/p>\n<p>Durant quant de temps conservem les vostres dades?<\/p>\n<p>Utilitzem les vostres dades durant el temps estrictament necessari per complir les finalitats indicades anteriorment. Llevat que hi hagi una obligaci\u00f3 o requeriment legal, els terminis de conservaci\u00f3 previstos s\u00f3n: <\/p>\n<p>FACTURACI\u00d3 AL CLIENT: Mentre es mantingui la relaci\u00f3 mercantil<\/p>\n<p>CONTACTE COMERCIAL: Mentre no se sol\u00b7licite la supressi\u00f3 per l&#8217;interessat<\/p>\n<p>RECEPCI\u00d3 DE CURRICULUMS: Mentre no se sol\u00b7licite la supressi\u00f3 per l&#8217;interessat<\/p>\n<p>CONSULTES P\u00c0GINA WEB: Mentre no se sol\u00b7licite la supressi\u00f3 per l&#8217;interessat<br \/>\n 5.- LEGITIMACI\u00d3 DEL TRACTAMENT<\/p>\n<p>Per qu\u00e8 tractem les vostres dades?<\/p>\n<p>La recollida i el tractament de les vostres dades est\u00e0 legitimat sempre per una o diverses bases jur\u00eddiques, les quals detallem a continuaci\u00f3:<\/p>\n<p>FACTURACI\u00d3 AL CLIENT: Consentiment expl\u00edcit de l&#8217;interessat; Inter\u00e8s leg\u00edtim del Responsable del Tractament o de tercers<\/p>\n<p>CONTACTE COMERCIAL: Consentiment expl\u00edcit de l&#8217;interessat; Inter\u00e8s leg\u00edtim del Responsable del Tractament o de tercers<\/p>\n<p>RECEPCI\u00d3 DE CURRICULUMS: Consentiment expl\u00edcit de l&#8217;interessat; Inter\u00e8s leg\u00edtim del Responsable del Tractament o de tercers<\/p>\n<p>CONSULTES P\u00c0GINA WEB: Consentiment expl\u00edcit de l&#8217;interessat; Inter\u00e8s leg\u00edtim del Responsable del Tractament o de tercers<br \/>\n 6.- DESTINATARIS DE LES SEVES DADES<\/p>\n<p>A qui cedim les vostres dades dins de la Uni\u00f3 Europea?<\/p>\n<p>No realitzem cessions de les vostres dades a terceres persones ni entitats.<\/p>\n<p>Realitzem Transfer\u00e8ncies Internacionals de les vostres dades fora de la Uni\u00f3 Europea?<\/p>\n<p>No realitzem transfer\u00e8ncies internacionals de les vostres dades<br \/>\n 7.- PROCED\u00c8NCIA I TIPUS DE DADES TRACTADES<\/p>\n<p>D&#8217;on hem obtingut les vostres dades?<\/p>\n<p>FACTURACI\u00d3 AL CLIENT<\/p>\n<p>CLIENTS : El mateix interessat o el seu representant legal<\/p>\n<p>CONTACTE COMERCIAL<\/p>\n<p>CENTS: El mateix interessat o el seu representant legal<br \/>\n POTENCIALS CLIENTS: El mateix interessat o el seu representant legal<\/p>\n<p>RECEPCI\u00d3 DE CURRICULUMS<\/p>\n<p>POTENCIALS TREBALLADORS: El mateix interessat o el seu representant legal<\/p>\n<p>CONSULTES P\u00c0GINA WEB<\/p>\n<p>POTENCIALS CLIENTS: El mateix interessat o el seu representant legal<\/p>\n<p>Quins tipus de dades seves hem demanat i tractem?<\/p>\n<p>FACTURACI\u00d3 AL CLIENT<\/p>\n<p>Finalitats:<\/p>\n<p>Gesti\u00f3 de clients\/prove\u00efdors, comptable, fiscal i administrativa<\/p>\n<p>Clients<\/p>\n<p>Dades identificatives<br \/>\n Adre\u00e7a electr\u00f2nica<br \/>\n Adre\u00e7a postal<br \/>\n Signatura manuscrita<br \/>\n NIF \/ NIE \/ Passaport<br \/>\n Nom i Cognoms<br \/>\n Econ\u00f2mics, financers i d&#8217;assegurances<br \/>\n Dades banc\u00e0ries<\/p>\n<p>CONTACTE COMERCIAL<\/p>\n<p>Finalitats:<\/p>\n<p>M\u00e0rqueting, publicitat i prospecci\u00f3 comercial<\/p>\n<p>Clients:<\/p>\n<p>Dades identificatives<br \/>\n Adre\u00e7a electr\u00f2nica<br \/>\n Adre\u00e7a postal<br \/>\n Nom i Cognoms<br \/>\n Tel\u00e8fon<\/p>\n<p>Potencials clients:<\/p>\n<p>Dades identificatives<br \/>\n Adre\u00e7a electr\u00f2nica<br \/>\n Nom i Cognoms<br \/>\n Tel\u00e8fon<\/p>\n<p>RECEPCI\u00d3 DE CURRICULUMS<\/p>\n<p>Finalitats:<\/p>\n<p>Altres finalitats<\/p>\n<p>Potencials treballadors:<\/p>\n<p>Dades identificatives<br \/>\n Adre\u00e7a electr\u00f2nica<br \/>\n Tel\u00e8fon<br \/>\n Adre\u00e7a postal<br \/>\n Signatura manuscrita<br \/>\n Imatge<br \/>\n NIF \/ NIE \/ Passaport<br \/>\n Nom i Cognoms<br \/>\n Acad\u00e8mic i professionals<br \/>\n Experi\u00e8ncia professional<br \/>\n Historial de l&#8217;estudiant<br \/>\n Caracter\u00edstiques personals<br \/>\n Data de naixement<br \/>\n Detalls de feina<br \/>\n Professi\u00f3<br \/>\n Historial del treballador<\/p>\n<p>CONSULTES P\u00c0GINA WEB<\/p>\n<p>Finalitats:<\/p>\n<p>Gesti\u00f3 de clients potencials i contactes<\/p>\n<p>Potencials clients:<\/p>\n<p>Dades identificatives<br \/>\n Adre\u00e7a electr\u00f2nica<br \/>\n Adre\u00e7a postal<br \/>\n Nom i Cognoms<br \/>\n Tel\u00e8fon<\/p>\n<p>8.- DRETS DELS INTERESSATS<\/p>\n<p>Quins s\u00f3n els drets que us emparen?<\/p>\n<p>La normativa vigent de protecci\u00f3 de dades us empara en una s\u00e8rie de drets en relaci\u00f3 amb l&#8217;\u00fas que donem a les vostres dades. Tots i cadascun dels seus drets s\u00f3n unipersonals i intransferibles, \u00e9s a dir, que \u00fanicament poden ser realitzats pel titular de les dades, amb la comprovaci\u00f3 pr\u00e8via de la seva identitat. <\/p>\n<p>A continuaci\u00f3 us indiquem quins s\u00f3n els drets que us assisteixen: Sol\u00b7licitar l&#8217;ACC\u00c9S a les vostres dades personals<\/p>\n<p>Sol\u00b7licitar la RECTIFICACI\u00d3 de les vostres dades<br \/>\n Sol\u00b7licitar la SUPRESSI\u00d3 o eliminaci\u00f3 de les seves dades (dret a l&#8217;\u201coblit\u201d)<br \/>\n Dret a la PORTABILITAT de les vostres dades per a casos de serveis de telecomunicacions o internet.<br \/>\n Dret a RETIRAR el vostre consentiment en qualsevol moment<br \/>\n Dret a presentar una RECLAMACI\u00d3 en mat\u00e8ria de protecci\u00f3 de dades davant de l&#8217;Autoritat de Control: Ag\u00e8ncia Espanyola de Protecci\u00f3 de Dades<\/p>\n<p>Com podeu exercir els vostres drets en relaci\u00f3 a les vostres dades?<\/p>\n<p>Per a l&#8217;exercici dels vostres drets d&#8217;acc\u00e9s, rectificaci\u00f3, supressi\u00f3, limitaci\u00f3 o oposici\u00f3, portabilitat i retirada del vostre consentiment, podeu fer-ho de la manera seg\u00fcent:<\/p>\n<p>FACTURACI\u00d3 AL CLIENT<\/p>\n<p>Responsable: BORONATIC SA<br \/>\n Adre\u00e7a: CARRER CAN TUXANS 9 POLIGON INDUSTRIAL CAN MILANS. 08110, MONTCADA I REIXAC (Barcelona), Espanya<br \/>\n Tel\u00e8fon: 935651900<br \/>\n E-mail: mbadia@boronatic.com<br \/>\n P\u00e0gina web: https:\/\/boronatic.com\/ <\/p>\n<p>CONTACTE COMERCIAL<\/p>\n<p>Responsable: BORONATIC SA<br \/>\n Adre\u00e7a: CARRER CAN TUXANS 9 POLIGON INDUSTRIAL CAN MILANS. 08110, MONTCADA I REIXAC (Barcelona), Espanya<br \/>\n Tel\u00e8fon: 935651900<br \/>\n E-mail: mbadia@boronatic.com<br \/>\n P\u00e0gina web: https:\/\/boronatic.com\/ <\/p>\n<p>RECEPCI\u00d3 DE CURRICULUMS<\/p>\n<p>Responsable: BORONATIC SA<br \/>\n Adre\u00e7a: CARRER CAN TUXANS 9 POLIGON INDUSTRIAL CAN MILANS. 08110, MONTCADA I REIXAC (Barcelona), Espanya<br \/>\n Tel\u00e8fon: 935651900<br \/>\n E-mail: mbadia@boronatic.com<br \/>\n P\u00e0gina web: https:\/\/boronatic.com\/ <\/p>\n<p>CONSULTES P\u00c0GINA WEB<\/p>\n<p>Responsable: BORONATIC SA<br \/>\n Adre\u00e7a: CARRER CAN TUXANS 9 POLIGON INDUSTRIAL CAN MILANS. 08110, MONTCADA I REIXAC (Barcelona), Espanya<br \/>\n Tel\u00e8fon: 935651900<br \/>\n E-mail: mbadia@boronatic.com<br \/>\n P\u00e0gina web: https:\/\/boronatic.com\/ <\/p>\n<p>Com pot presentar una reclamaci\u00f3?<\/p>\n<p>A m\u00e9s dels drets que us assisteixen, si creieu que les vostres dades no s&#8217;estan demanant o tractant d&#8217;acord amb la normativa vigent de Protecci\u00f3 de Dades, podreu realitzar una reclamaci\u00f3 davant l&#8217;Autoritat de Control, les dades de contacte de les quals indiquem a continuaci\u00f3:<\/p>\n<p>Ag\u00e8ncia Espanyola de Protecci\u00f3 de Dades<\/p>\n<p>C\/. Jorge Juan, 6. 28001, Madrid (Madrid), Espanya Email: info@agpd.es \u2013 Tel\u00e8fon: 912663517  <\/p>\n<p>Web: https:\/\/www.agpd.es<br \/>\n 9.- CONSENTIMENT I ACCEPTACI\u00d3<\/p>\n<p>L&#8217;acceptaci\u00f3 del present document indica que vost\u00e8 ent\u00e9n, accepta totes les cl\u00e0usules de la nostra pol\u00edtica de privadesa pel que autoritza la recollida i el tractament de les seves dades personals en aquests termes. Aquesta acceptaci\u00f3 es realitza mitjan\u00e7ant l&#8217;activaci\u00f3 de la casella de verificaci\u00f3 de \u201cLectura i Acceptaci\u00f3\u201d de la nostra Pol\u00edtica de Privadesa.<\/p>\n","protected":false},"excerpt":{"rendered":"<p>Pol\u00edtica de Privadesa RESPONSABLE: BORONATIC SA \u2013 CIF A60915428 CONTACTE: CARRER CAN TUXANS 9 POLIGON INDUSTRIAL CAN MILANS \u2013 MONTCADA I REIXAC (Barcelona) mbadia@boronatic.com \u2013 Tel. 935651900 \u2013 https:\/\/boronatic.com\/ FINALITATS: FACTURACI\u00d3 AL CLIENT: Gesti\u00f3 de clients\/prove\u00efdors, comptable, fiscal i administrativa CONTACTE COMERCIAL: M\u00e0rqueting, publicitat i prospecci\u00f3 comercial RECEPCI\u00d3 DE CURRICULUMS: Altres finalitats CONSULTES P\u00c0GINA WEB:&#8230;<\/p>\n","protected":false},"author":1,"featured_media":0,"parent":0,"menu_order":0,"comment_status":"closed","ping_status":"closed","template":"","meta":{"footnotes":""},"class_list":["post-1505","page","type-page","status-publish","hentry"],"yoast_head":"<!-- This site is optimized with the Yoast SEO plugin v24.7 - https:\/\/yoast.com\/wordpress\/plugins\/seo\/ -->\n<title>Pol\u00edtica de Privadesa | Boronatic<\/title>\n<meta name=\"robots\" content=\"index, follow, max-snippet:-1, max-image-preview:large, max-video-preview:-1\" \/>\n<link rel=\"canonical\" href=\"https:\/\/boronatic.com\/politica-de-privacidad\/\" \/>\n<meta property=\"og:locale\" content=\"ca_ES\" \/>\n<meta property=\"og:type\" content=\"article\" \/>\n<meta property=\"og:title\" content=\"Pol\u00edtica de Privadesa | Boronatic\" \/>\n<meta property=\"og:description\" content=\"Pol\u00edtica de Privadesa RESPONSABLE: BORONATIC SA \u2013 CIF A60915428 CONTACTE: CARRER CAN TUXANS 9 POLIGON INDUSTRIAL CAN MILANS \u2013 MONTCADA I REIXAC (Barcelona) mbadia@boronatic.com \u2013 Tel. 935651900 \u2013 https:\/\/boronatic.com\/ FINALITATS: FACTURACI\u00d3 AL CLIENT: Gesti\u00f3 de clients\/prove\u00efdors, comptable, fiscal i administrativa CONTACTE COMERCIAL: M\u00e0rqueting, publicitat i prospecci\u00f3 comercial RECEPCI\u00d3 DE CURRICULUMS: Altres finalitats CONSULTES P\u00c0GINA WEB:...\" \/>\n<meta property=\"og:url\" content=\"https:\/\/boronatic.com\/politica-de-privacidad\/\" \/>\n<meta property=\"og:site_name\" content=\"Boronatic\" \/>\n<meta property=\"article:modified_time\" content=\"2025-03-25T14:31:56+00:00\" \/>\n<meta name=\"twitter:card\" content=\"summary_large_image\" \/>\n<meta name=\"twitter:label1\" content=\"Temps estimat de lectura\" \/>\n\t<meta name=\"twitter:data1\" content=\"9 minuts\" \/>\n<script type=\"application\/ld+json\" class=\"yoast-schema-graph\">{\"@context\":\"https:\/\/schema.org\",\"@graph\":[{\"@type\":\"WebPage\",\"@id\":\"https:\/\/boronatic.com\/politica-de-privacidad\/\",\"url\":\"https:\/\/boronatic.com\/politica-de-privacidad\/\",\"name\":\"Pol\u00edtica de Privadesa | Boronatic\",\"isPartOf\":{\"@id\":\"https:\/\/boronatic.com\/#website\"},\"datePublished\":\"2025-03-25T14:02:15+00:00\",\"dateModified\":\"2025-03-25T14:31:56+00:00\",\"breadcrumb\":{\"@id\":\"https:\/\/boronatic.com\/politica-de-privacidad\/#breadcrumb\"},\"inLanguage\":\"ca\",\"potentialAction\":[{\"@type\":\"ReadAction\",\"target\":[\"https:\/\/boronatic.com\/politica-de-privacidad\/\"]}]},{\"@type\":\"BreadcrumbList\",\"@id\":\"https:\/\/boronatic.com\/politica-de-privacidad\/#breadcrumb\",\"itemListElement\":[{\"@type\":\"ListItem\",\"position\":1,\"name\":\"Portada\",\"item\":\"https:\/\/boronatic.com\/ca\/inici\/\"},{\"@type\":\"ListItem\",\"position\":2,\"name\":\"Pol\u00edtica de Privadesa\"}]},{\"@type\":\"WebSite\",\"@id\":\"https:\/\/boronatic.com\/#website\",\"url\":\"https:\/\/boronatic.com\/\",\"name\":\"Boronatic\",\"description\":\"Fabricaci\u00f3n de etiquetas autoadhesivas\",\"publisher\":{\"@id\":\"https:\/\/boronatic.com\/#organization\"},\"potentialAction\":[{\"@type\":\"SearchAction\",\"target\":{\"@type\":\"EntryPoint\",\"urlTemplate\":\"https:\/\/boronatic.com\/?s={search_term_string}\"},\"query-input\":{\"@type\":\"PropertyValueSpecification\",\"valueRequired\":true,\"valueName\":\"search_term_string\"}}],\"inLanguage\":\"ca\"},{\"@type\":\"Organization\",\"@id\":\"https:\/\/boronatic.com\/#organization\",\"name\":\"Boronatic\",\"url\":\"https:\/\/boronatic.com\/\",\"logo\":{\"@type\":\"ImageObject\",\"inLanguage\":\"ca\",\"@id\":\"https:\/\/boronatic.com\/#\/schema\/logo\/image\/\",\"url\":\"http:\/\/boronatic.com\/wp-content\/uploads\/2025\/02\/logo-boronatic-web.svg\",\"contentUrl\":\"http:\/\/boronatic.com\/wp-content\/uploads\/2025\/02\/logo-boronatic-web.svg\",\"width\":\"1024\",\"height\":\"1024\",\"caption\":\"Boronatic\"},\"image\":{\"@id\":\"https:\/\/boronatic.com\/#\/schema\/logo\/image\/\"},\"sameAs\":[\"https:\/\/www.instagram.com\/boronatic\/\",\"https:\/\/www.linkedin.com\/company\/boronatic\/\"]}]}<\/script>\n<!-- \/ Yoast SEO plugin. -->","yoast_head_json":{"title":"Pol\u00edtica de Privadesa | Boronatic","robots":{"index":"index","follow":"follow","max-snippet":"max-snippet:-1","max-image-preview":"max-image-preview:large","max-video-preview":"max-video-preview:-1"},"canonical":"https:\/\/boronatic.com\/politica-de-privacidad\/","og_locale":"ca_ES","og_type":"article","og_title":"Pol\u00edtica de Privadesa | Boronatic","og_description":"Pol\u00edtica de Privadesa RESPONSABLE: BORONATIC SA \u2013 CIF A60915428 CONTACTE: CARRER CAN TUXANS 9 POLIGON INDUSTRIAL CAN MILANS \u2013 MONTCADA I REIXAC (Barcelona) mbadia@boronatic.com \u2013 Tel. 935651900 \u2013 https:\/\/boronatic.com\/ FINALITATS: FACTURACI\u00d3 AL CLIENT: Gesti\u00f3 de clients\/prove\u00efdors, comptable, fiscal i administrativa CONTACTE COMERCIAL: M\u00e0rqueting, publicitat i prospecci\u00f3 comercial RECEPCI\u00d3 DE CURRICULUMS: Altres finalitats CONSULTES P\u00c0GINA WEB:...","og_url":"https:\/\/boronatic.com\/politica-de-privacidad\/","og_site_name":"Boronatic","article_modified_time":"2025-03-25T14:31:56+00:00","twitter_card":"summary_large_image","twitter_misc":{"Temps estimat de lectura":"9 minuts"},"schema":{"@context":"https:\/\/schema.org","@graph":[{"@type":"WebPage","@id":"https:\/\/boronatic.com\/politica-de-privacidad\/","url":"https:\/\/boronatic.com\/politica-de-privacidad\/","name":"Pol\u00edtica de Privadesa | Boronatic","isPartOf":{"@id":"https:\/\/boronatic.com\/#website"},"datePublished":"2025-03-25T14:02:15+00:00","dateModified":"2025-03-25T14:31:56+00:00","breadcrumb":{"@id":"https:\/\/boronatic.com\/politica-de-privacidad\/#breadcrumb"},"inLanguage":"ca","potentialAction":[{"@type":"ReadAction","target":["https:\/\/boronatic.com\/politica-de-privacidad\/"]}]},{"@type":"BreadcrumbList","@id":"https:\/\/boronatic.com\/politica-de-privacidad\/#breadcrumb","itemListElement":[{"@type":"ListItem","position":1,"name":"Portada","item":"https:\/\/boronatic.com\/ca\/inici\/"},{"@type":"ListItem","position":2,"name":"Pol\u00edtica de Privadesa"}]},{"@type":"WebSite","@id":"https:\/\/boronatic.com\/#website","url":"https:\/\/boronatic.com\/","name":"Boronatic","description":"Fabricaci\u00f3n de etiquetas autoadhesivas","publisher":{"@id":"https:\/\/boronatic.com\/#organization"},"potentialAction":[{"@type":"SearchAction","target":{"@type":"EntryPoint","urlTemplate":"https:\/\/boronatic.com\/?s={search_term_string}"},"query-input":{"@type":"PropertyValueSpecification","valueRequired":true,"valueName":"search_term_string"}}],"inLanguage":"ca"},{"@type":"Organization","@id":"https:\/\/boronatic.com\/#organization","name":"Boronatic","url":"https:\/\/boronatic.com\/","logo":{"@type":"ImageObject","inLanguage":"ca","@id":"https:\/\/boronatic.com\/#\/schema\/logo\/image\/","url":"http:\/\/boronatic.com\/wp-content\/uploads\/2025\/02\/logo-boronatic-web.svg","contentUrl":"http:\/\/boronatic.com\/wp-content\/uploads\/2025\/02\/logo-boronatic-web.svg","width":"1024","height":"1024","caption":"Boronatic"},"image":{"@id":"https:\/\/boronatic.com\/#\/schema\/logo\/image\/"},"sameAs":["https:\/\/www.instagram.com\/boronatic\/","https:\/\/www.linkedin.com\/company\/boronatic\/"]}]}},"_links":{"self":[{"href":"https:\/\/boronatic.com\/ca\/wp-json\/wp\/v2\/pages\/1505","targetHints":{"allow":["GET"]}}],"collection":[{"href":"https:\/\/boronatic.com\/ca\/wp-json\/wp\/v2\/pages"}],"about":[{"href":"https:\/\/boronatic.com\/ca\/wp-json\/wp\/v2\/types\/page"}],"author":[{"embeddable":true,"href":"https:\/\/boronatic.com\/ca\/wp-json\/wp\/v2\/users\/1"}],"replies":[{"embeddable":true,"href":"https:\/\/boronatic.com\/ca\/wp-json\/wp\/v2\/comments?post=1505"}],"version-history":[{"count":1,"href":"https:\/\/boronatic.com\/ca\/wp-json\/wp\/v2\/pages\/1505\/revisions"}],"predecessor-version":[{"id":1506,"href":"https:\/\/boronatic.com\/ca\/wp-json\/wp\/v2\/pages\/1505\/revisions\/1506"}],"wp:attachment":[{"href":"https:\/\/boronatic.com\/ca\/wp-json\/wp\/v2\/media?parent=1505"}],"curies":[{"name":"wp","href":"https:\/\/api.w.org\/{rel}","templated":true}]}}