{"id":1592,"date":"2025-03-27T17:22:18","date_gmt":"2025-03-27T17:22:18","guid":{"rendered":"http:\/\/boronatic.com\/politica-de-cookies\/"},"modified":"2025-03-27T17:22:18","modified_gmt":"2025-03-27T17:22:18","slug":"politica-de-cookies","status":"publish","type":"page","link":"https:\/\/boronatic.com\/ca\/politica-de-cookies\/","title":{"rendered":"Pol\u00edtica de Cookies"},"content":{"rendered":"<h1 class=\"cookie-policy-h1\">Pol\u00edtica de Cookies<\/h1>\n<p>Data d&#8217;entrada en vigor: 27-Mar-2025<br \/>\nDarrera actualitzaci\u00f3: 27-Mar-2025<\/p>\n<h5>Qu\u00e8 s\u00f3n les cookies?<\/h5>\n<div class=\"cookie-policy-p\">\n<p>Aquesta Pol\u00edtica de Cookies explica qu\u00e8 s\u00f3n les Cookies i com les utilitzem, els tipus de Cookies que fem servir, \u00e9s a dir, la informaci\u00f3 que recopilem mitjan\u00e7ant Cookies i com s&#8217;utilitza aquesta informaci\u00f3, aix\u00ed com la gesti\u00f3 de la configuraci\u00f3 de Cookies .<\/p>\n<p>Cookies Les galetes s\u00f3n petits fitxers de text que s&#8217;utilitzen per emmagatzemar petites quantitats d&#8217;informaci\u00f3. Es guarden al dispositiu quan el lloc web es carrega al navegador. Aquestes cookies ens ajuden a fer que el lloc web funcioni correctament, sigui m\u00e9s segur, ofereixi una millor experi\u00e8ncia d&#8217;usuari i ens permeti analitzar-ne el rendiment per identificar qu\u00e8 funciona i qu\u00e8 necessita millores.  <\/p>\n<\/div>\n<h5>Com utilitzem les cookies?<\/h5>\n<div class=\"cookie-policy-p\">\n<p>Com la majoria dels serveis en l\u00ednia, el nostre lloc web utilitza cookies pr\u00f2pies i de tercers per a diverses finalitats. Les cookies pr\u00f2pies s\u00f3n necess\u00e0ries principalment perqu\u00e8 el lloc web funcioni correctament i no recopilen cap dada personal identificable. <\/p>\n<p>Les Cookies de tercers que fem servir al nostre lloc web serveixen principalment per comprendre com funciona el lloc web, com hi interactues, mantenir els nostres serveis segurs, proporcionar anuncis rellevants per a tu i, en general, oferir-te una millor experi\u00e8ncia d&#8217;usuari i agilitzar les teves futures interaccions amb el nostre lloc web.<\/p>\n<\/div>\n<h5 style=\"margin-bottom: 20px;\">Gestiona les teves prefer\u00e8ncies<\/h5>\n<p><a class=\"cky-banner-element\">Gesti\u00f3 de cookies<\/a><\/p>\n<div>\n<p>Pots canviar les teves prefer\u00e8ncies de cookies en qualsevol moment fent clic al bot\u00f3 anterior. Aix\u00f2 us permetr\u00e0 tornar a visitar el banner de consentiment de cookies i modificar les vostres prefer\u00e8ncies o retirar el vostre consentiment immediatament. <\/p>\n<p>A m\u00e9s, els diferents navegadors ofereixen m\u00e8todes per bloquejar i eliminar les Cookies utilitzades pels llocs web. Pots canviar la configuraci\u00f3 del teu navegador per bloquejar o eliminar les Cookies. A continuaci\u00f3, us deixem enlla\u00e7os a les guies d&#8217;ajuda sobre com gestionar i eliminar cookies als principals navegadors web:  <\/p>\n<p>Chrome: <a href=\"https:\/\/support.google.com\/accounts\/answer\/32050\" target=\"_blank\" rel=\"noopener\">https:\/\/support.google.com\/accounts\/answer\/32050<\/a><\/p>\n<p>Safari: <a href=\"https:\/\/support.apple.com\/en-in\/guide\/safari\/sfri11471\/mac\" target=\"_blank\" rel=\"noopener\">https:\/\/support.apple.com\/en-in\/guide\/safari\/sfri11471\/mac<\/a><\/p>\n<p>Firefox: <a href=\"https:\/\/support.mozilla.org\/en-US\/kb\/clear-cookies-and-site-data-firefox?redirectslug=delete-cookies-remove-info-websites-stored&amp;redirectlocale=en-US\" target=\"_blank\" rel=\"noopener\">https:\/\/support.mozilla.org\/en-US\/kb\/clear-cookies-and-site-data-firefox<\/a><\/p>\n<p>Internet Explorer: <a href=\"https:\/\/support.microsoft.com\/en-us\/topic\/how-to-delete-cookie-files-in-internet-explorer-bca9446f-d873-78de-77ba-d42645fa52fc\" target=\"_blank\" rel=\"noopener\">https:\/\/support.microsoft.com\/en-us\/topic\/how-to-delete-cookie-files-in-internet-explorer<\/a><\/p>\n<p>Si utilitzes un altre navegador, consulta&#8217;n la documentaci\u00f3 oficial.<\/p>\n<\/div>\n","protected":false},"excerpt":{"rendered":"<p>Pol\u00edtica de Cookies Data d&#8217;entrada en vigor: 27-Mar-2025 Darrera actualitzaci\u00f3: 27-Mar-2025 Qu\u00e8 s\u00f3n les cookies? Aquesta Pol\u00edtica de Cookies explica qu\u00e8 s\u00f3n les Cookies i com les utilitzem, els tipus de Cookies que fem servir, \u00e9s a dir, la informaci\u00f3 que recopilem mitjan\u00e7ant Cookies i com s&#8217;utilitza aquesta informaci\u00f3, aix\u00ed com la gesti\u00f3 de la&#8230;<\/p>\n","protected":false},"author":1,"featured_media":0,"parent":0,"menu_order":0,"comment_status":"closed","ping_status":"closed","template":"","meta":{"footnotes":""},"class_list":["post-1592","page","type-page","status-publish","hentry"],"yoast_head":"<!-- This site is optimized with the Yoast SEO plugin v24.7 - https:\/\/yoast.com\/wordpress\/plugins\/seo\/ -->\n<title>Pol\u00edtica de Cookies | Boronatic<\/title>\n<meta name=\"robots\" content=\"index, follow, max-snippet:-1, max-image-preview:large, max-video-preview:-1\" \/>\n<link rel=\"canonical\" href=\"https:\/\/boronatic.com\/politica-de-cookies\/\" \/>\n<meta property=\"og:locale\" content=\"ca_ES\" \/>\n<meta property=\"og:type\" content=\"article\" \/>\n<meta property=\"og:title\" content=\"Pol\u00edtica de Cookies | Boronatic\" \/>\n<meta property=\"og:description\" content=\"Pol\u00edtica de Cookies Data d&#8217;entrada en vigor: 27-Mar-2025 Darrera actualitzaci\u00f3: 27-Mar-2025 Qu\u00e8 s\u00f3n les cookies? Aquesta Pol\u00edtica de Cookies explica qu\u00e8 s\u00f3n les Cookies i com les utilitzem, els tipus de Cookies que fem servir, \u00e9s a dir, la informaci\u00f3 que recopilem mitjan\u00e7ant Cookies i com s&#8217;utilitza aquesta informaci\u00f3, aix\u00ed com la gesti\u00f3 de la...\" \/>\n<meta property=\"og:url\" content=\"https:\/\/boronatic.com\/politica-de-cookies\/\" \/>\n<meta property=\"og:site_name\" content=\"Boronatic\" \/>\n<meta name=\"twitter:card\" content=\"summary_large_image\" \/>\n<meta name=\"twitter:label1\" content=\"Temps estimat de lectura\" \/>\n\t<meta name=\"twitter:data1\" content=\"2 minuts\" \/>\n<script type=\"application\/ld+json\" class=\"yoast-schema-graph\">{\"@context\":\"https:\/\/schema.org\",\"@graph\":[{\"@type\":\"WebPage\",\"@id\":\"https:\/\/boronatic.com\/politica-de-cookies\/\",\"url\":\"https:\/\/boronatic.com\/politica-de-cookies\/\",\"name\":\"Pol\u00edtica de Cookies | Boronatic\",\"isPartOf\":{\"@id\":\"https:\/\/boronatic.com\/#website\"},\"datePublished\":\"2025-03-27T17:22:18+00:00\",\"breadcrumb\":{\"@id\":\"https:\/\/boronatic.com\/politica-de-cookies\/#breadcrumb\"},\"inLanguage\":\"ca\",\"potentialAction\":[{\"@type\":\"ReadAction\",\"target\":[\"https:\/\/boronatic.com\/politica-de-cookies\/\"]}]},{\"@type\":\"BreadcrumbList\",\"@id\":\"https:\/\/boronatic.com\/politica-de-cookies\/#breadcrumb\",\"itemListElement\":[{\"@type\":\"ListItem\",\"position\":1,\"name\":\"Portada\",\"item\":\"https:\/\/boronatic.com\/ca\/inici\/\"},{\"@type\":\"ListItem\",\"position\":2,\"name\":\"Pol\u00edtica de Cookies\"}]},{\"@type\":\"WebSite\",\"@id\":\"https:\/\/boronatic.com\/#website\",\"url\":\"https:\/\/boronatic.com\/\",\"name\":\"Boronatic\",\"description\":\"Fabricaci\u00f3n de etiquetas autoadhesivas\",\"publisher\":{\"@id\":\"https:\/\/boronatic.com\/#organization\"},\"potentialAction\":[{\"@type\":\"SearchAction\",\"target\":{\"@type\":\"EntryPoint\",\"urlTemplate\":\"https:\/\/boronatic.com\/?s={search_term_string}\"},\"query-input\":{\"@type\":\"PropertyValueSpecification\",\"valueRequired\":true,\"valueName\":\"search_term_string\"}}],\"inLanguage\":\"ca\"},{\"@type\":\"Organization\",\"@id\":\"https:\/\/boronatic.com\/#organization\",\"name\":\"Boronatic\",\"url\":\"https:\/\/boronatic.com\/\",\"logo\":{\"@type\":\"ImageObject\",\"inLanguage\":\"ca\",\"@id\":\"https:\/\/boronatic.com\/#\/schema\/logo\/image\/\",\"url\":\"http:\/\/boronatic.com\/wp-content\/uploads\/2025\/02\/logo-boronatic-web.svg\",\"contentUrl\":\"http:\/\/boronatic.com\/wp-content\/uploads\/2025\/02\/logo-boronatic-web.svg\",\"width\":\"1024\",\"height\":\"1024\",\"caption\":\"Boronatic\"},\"image\":{\"@id\":\"https:\/\/boronatic.com\/#\/schema\/logo\/image\/\"},\"sameAs\":[\"https:\/\/www.instagram.com\/boronatic\/\",\"https:\/\/www.linkedin.com\/company\/boronatic\/\"]}]}<\/script>\n<!-- \/ Yoast SEO plugin. -->","yoast_head_json":{"title":"Pol\u00edtica de Cookies | Boronatic","robots":{"index":"index","follow":"follow","max-snippet":"max-snippet:-1","max-image-preview":"max-image-preview:large","max-video-preview":"max-video-preview:-1"},"canonical":"https:\/\/boronatic.com\/politica-de-cookies\/","og_locale":"ca_ES","og_type":"article","og_title":"Pol\u00edtica de Cookies | Boronatic","og_description":"Pol\u00edtica de Cookies Data d&#8217;entrada en vigor: 27-Mar-2025 Darrera actualitzaci\u00f3: 27-Mar-2025 Qu\u00e8 s\u00f3n les cookies? Aquesta Pol\u00edtica de Cookies explica qu\u00e8 s\u00f3n les Cookies i com les utilitzem, els tipus de Cookies que fem servir, \u00e9s a dir, la informaci\u00f3 que recopilem mitjan\u00e7ant Cookies i com s&#8217;utilitza aquesta informaci\u00f3, aix\u00ed com la gesti\u00f3 de la...","og_url":"https:\/\/boronatic.com\/politica-de-cookies\/","og_site_name":"Boronatic","twitter_card":"summary_large_image","twitter_misc":{"Temps estimat de lectura":"2 minuts"},"schema":{"@context":"https:\/\/schema.org","@graph":[{"@type":"WebPage","@id":"https:\/\/boronatic.com\/politica-de-cookies\/","url":"https:\/\/boronatic.com\/politica-de-cookies\/","name":"Pol\u00edtica de Cookies | Boronatic","isPartOf":{"@id":"https:\/\/boronatic.com\/#website"},"datePublished":"2025-03-27T17:22:18+00:00","breadcrumb":{"@id":"https:\/\/boronatic.com\/politica-de-cookies\/#breadcrumb"},"inLanguage":"ca","potentialAction":[{"@type":"ReadAction","target":["https:\/\/boronatic.com\/politica-de-cookies\/"]}]},{"@type":"BreadcrumbList","@id":"https:\/\/boronatic.com\/politica-de-cookies\/#breadcrumb","itemListElement":[{"@type":"ListItem","position":1,"name":"Portada","item":"https:\/\/boronatic.com\/ca\/inici\/"},{"@type":"ListItem","position":2,"name":"Pol\u00edtica de Cookies"}]},{"@type":"WebSite","@id":"https:\/\/boronatic.com\/#website","url":"https:\/\/boronatic.com\/","name":"Boronatic","description":"Fabricaci\u00f3n de etiquetas autoadhesivas","publisher":{"@id":"https:\/\/boronatic.com\/#organization"},"potentialAction":[{"@type":"SearchAction","target":{"@type":"EntryPoint","urlTemplate":"https:\/\/boronatic.com\/?s={search_term_string}"},"query-input":{"@type":"PropertyValueSpecification","valueRequired":true,"valueName":"search_term_string"}}],"inLanguage":"ca"},{"@type":"Organization","@id":"https:\/\/boronatic.com\/#organization","name":"Boronatic","url":"https:\/\/boronatic.com\/","logo":{"@type":"ImageObject","inLanguage":"ca","@id":"https:\/\/boronatic.com\/#\/schema\/logo\/image\/","url":"http:\/\/boronatic.com\/wp-content\/uploads\/2025\/02\/logo-boronatic-web.svg","contentUrl":"http:\/\/boronatic.com\/wp-content\/uploads\/2025\/02\/logo-boronatic-web.svg","width":"1024","height":"1024","caption":"Boronatic"},"image":{"@id":"https:\/\/boronatic.com\/#\/schema\/logo\/image\/"},"sameAs":["https:\/\/www.instagram.com\/boronatic\/","https:\/\/www.linkedin.com\/company\/boronatic\/"]}]}},"_links":{"self":[{"href":"https:\/\/boronatic.com\/ca\/wp-json\/wp\/v2\/pages\/1592","targetHints":{"allow":["GET"]}}],"collection":[{"href":"https:\/\/boronatic.com\/ca\/wp-json\/wp\/v2\/pages"}],"about":[{"href":"https:\/\/boronatic.com\/ca\/wp-json\/wp\/v2\/types\/page"}],"author":[{"embeddable":true,"href":"https:\/\/boronatic.com\/ca\/wp-json\/wp\/v2\/users\/1"}],"replies":[{"embeddable":true,"href":"https:\/\/boronatic.com\/ca\/wp-json\/wp\/v2\/comments?post=1592"}],"version-history":[{"count":0,"href":"https:\/\/boronatic.com\/ca\/wp-json\/wp\/v2\/pages\/1592\/revisions"}],"wp:attachment":[{"href":"https:\/\/boronatic.com\/ca\/wp-json\/wp\/v2\/media?parent=1592"}],"curies":[{"name":"wp","href":"https:\/\/api.w.org\/{rel}","templated":true}]}}